{"id":4880,"date":"2025-04-20T22:03:19","date_gmt":"2025-04-20T20:03:19","guid":{"rendered":"https:\/\/deeva.website\/?post_type=product&#038;p=4880"},"modified":"2025-10-02T07:37:47","modified_gmt":"2025-10-02T05:37:47","slug":"dior-homme-intense","status":"publish","type":"product","link":"https:\/\/deeva.website\/fr-tn\/produit\/dior-homme-intense\/","title":{"rendered":"Dior Homme Intense"},"content":{"rendered":"<p><strong>Dior<\/strong> <strong>Homme<\/strong> <strong>Intense 100ml<\/strong>\u00a0 de <em>Dior<\/em> est un\u00a0<strong>parfum identique \u00e0 l\u2019original<\/strong>, m\u00eame senteurs, packaging et flacon.<\/p>\n<p>C&#8217;est un parfum Bois\u00e9 Floral Musqu\u00e9 pour homme.<\/p>\n<p>La note de t\u00eate est Lavande; les notes de c\u0153ur sont Iris, Ambrette et Poire; les notes de fond sont C\u00e8dre de Virginie et V\u00e9tiver.<\/p>\n<p><img fetchpriority=\"high\" decoding=\"async\" class=\"alignnone size-full wp-image-4881\" src=\"http:\/\/deeva.website\/wp-content\/uploads\/2025\/04\/images-85.jpg\" alt=\"\" width=\"194\" height=\"259\" \/> <img decoding=\"async\" class=\"alignnone size-medium wp-image-4889\" src=\"http:\/\/deeva.website\/wp-content\/uploads\/2025\/04\/Capture30-253x300.png\" alt=\"\" width=\"253\" height=\"300\" srcset=\"https:\/\/deeva.website\/wp-content\/uploads\/2025\/04\/Capture30-253x300.png 253w, https:\/\/deeva.website\/wp-content\/uploads\/2025\/04\/Capture30.png 391w\" sizes=\"(max-width: 253px) 100vw, 253px\" \/><\/p>\n","protected":false},"excerpt":{"rendered":"<p><strong>Dior<\/strong> <strong>Homme<\/strong> <strong>Intense 100ml<\/strong>\u00a0 de <em>Dior<\/em> est un\u00a0<strong>parfum identique \u00e0 l\u2019original<\/strong>, m\u00eame senteurs, packaging et flacon.<\/p>\n<p>C&#8217;est un parfum Bois\u00e9 Floral Musqu\u00e9 pour homme.<\/p>\n<p>La note de t\u00eate est Lavande; les notes de c\u0153ur sont Iris, Ambrette et Poire; les notes de fond sont C\u00e8dre de Virginie et V\u00e9tiver.<\/p>\n<p><img fetchpriority=\"high\" decoding=\"async\" class=\"alignnone size-full wp-image-4881\" src=\"http:\/\/deeva.website\/wp-content\/uploads\/2025\/04\/images-85.jpg\" alt=\"\" width=\"194\" height=\"259\" \/> <img decoding=\"async\" class=\"alignnone size-medium wp-image-4889\" src=\"http:\/\/deeva.website\/wp-content\/uploads\/2025\/04\/Capture30-253x300.png\" alt=\"\" width=\"253\" height=\"300\" srcset=\"https:\/\/deeva.website\/wp-content\/uploads\/2025\/04\/Capture30-253x300.png 253w, https:\/\/deeva.website\/wp-content\/uploads\/2025\/04\/Capture30.png 391w\" sizes=\"(max-width: 253px) 100vw, 253px\" \/><\/p>\n","protected":false},"featured_media":4883,"comment_status":"open","ping_status":"closed","template":"","meta":[],"product_cat":[71],"product_tag":[],"_links":{"self":[{"href":"https:\/\/deeva.website\/fr-tn\/wp-json\/wp\/v2\/product\/4880"}],"collection":[{"href":"https:\/\/deeva.website\/fr-tn\/wp-json\/wp\/v2\/product"}],"about":[{"href":"https:\/\/deeva.website\/fr-tn\/wp-json\/wp\/v2\/types\/product"}],"replies":[{"embeddable":true,"href":"https:\/\/deeva.website\/fr-tn\/wp-json\/wp\/v2\/comments?post=4880"}],"version-history":[{"count":1,"href":"https:\/\/deeva.website\/fr-tn\/wp-json\/wp\/v2\/product\/4880\/revisions"}],"predecessor-version":[{"id":4891,"href":"https:\/\/deeva.website\/fr-tn\/wp-json\/wp\/v2\/product\/4880\/revisions\/4891"}],"wp:featuredmedia":[{"embeddable":true,"href":"https:\/\/deeva.website\/fr-tn\/wp-json\/wp\/v2\/media\/4883"}],"wp:attachment":[{"href":"https:\/\/deeva.website\/fr-tn\/wp-json\/wp\/v2\/media?parent=4880"}],"wp:term":[{"taxonomy":"product_cat","embeddable":true,"href":"https:\/\/deeva.website\/fr-tn\/wp-json\/wp\/v2\/product_cat?post=4880"},{"taxonomy":"product_tag","embeddable":true,"href":"https:\/\/deeva.website\/fr-tn\/wp-json\/wp\/v2\/product_tag?post=4880"}],"curies":[{"name":"wp","href":"https:\/\/api.w.org\/{rel}","templated":true}]}}