{"id":4867,"date":"2025-04-20T21:50:17","date_gmt":"2025-04-20T19:50:17","guid":{"rendered":"https:\/\/deeva.website\/?post_type=product&#038;p=4867"},"modified":"2025-04-20T21:50:17","modified_gmt":"2025-04-20T19:50:17","slug":"dior-fahrenheit","status":"publish","type":"product","link":"https:\/\/deeva.website\/fr-tn\/produit\/dior-fahrenheit\/","title":{"rendered":"Dior Fahrenheit"},"content":{"rendered":"<p><strong>Fahrenheit 75ml<\/strong> de <em>Dior<\/em> est un <strong>parfum<\/strong> <strong>identique<\/strong> <strong>\u00e0<\/strong> <strong>l\u2019original<\/strong>, m\u00eame senteurs, packaging et flacon.<\/p>\n<p>C&#8217;est un parfum Aromatique Foug\u00e8re pour homme.<\/p>\n<p>Les notes de t\u00eate sont Fleur de muscadier, Lavande, C\u00e8dre, Mandarine, Camomille, Aub\u00e9pine, Bergamote et Citron; les notes de c\u0153ur sont Feuille de violette, Noix de muscade, C\u00e8dre, Bois de santal, \u0152illet, Ch\u00e8vrefeuille, Jasmin et Muguet; les notes de fond sont Cuir, V\u00e9tiver, Musc, Ambre, Patchouli et F\u00e8ve de tonka.<\/p>\n<p><img fetchpriority=\"high\" decoding=\"async\" class=\"alignnone size-medium wp-image-4874\" src=\"http:\/\/deeva.website\/wp-content\/uploads\/2025\/04\/1000050206-300x278.jpg\" alt=\"\" width=\"300\" height=\"278\" srcset=\"https:\/\/deeva.website\/wp-content\/uploads\/2025\/04\/1000050206-300x278.jpg 300w, https:\/\/deeva.website\/wp-content\/uploads\/2025\/04\/1000050206-1024x948.jpg 1024w, https:\/\/deeva.website\/wp-content\/uploads\/2025\/04\/1000050206-768x711.jpg 768w, https:\/\/deeva.website\/wp-content\/uploads\/2025\/04\/1000050206-1536x1422.jpg 1536w, https:\/\/deeva.website\/wp-content\/uploads\/2025\/04\/1000050206-600x555.jpg 600w, https:\/\/deeva.website\/wp-content\/uploads\/2025\/04\/1000050206.jpg 1724w\" sizes=\"(max-width: 300px) 100vw, 300px\" \/> <img decoding=\"async\" class=\"alignnone size-medium wp-image-4876\" src=\"http:\/\/deeva.website\/wp-content\/uploads\/2025\/04\/Capture29-246x300.png\" alt=\"\" width=\"246\" height=\"300\" srcset=\"https:\/\/deeva.website\/wp-content\/uploads\/2025\/04\/Capture29-246x300.png 246w, https:\/\/deeva.website\/wp-content\/uploads\/2025\/04\/Capture29.png 380w\" sizes=\"(max-width: 246px) 100vw, 246px\" \/><\/p>\n","protected":false},"excerpt":{"rendered":"<p><strong>Fahrenheit 75ml<\/strong> de <em>Dior<\/em> est un <strong>parfum<\/strong> <strong>identique<\/strong> <strong>\u00e0<\/strong> <strong>l\u2019original<\/strong>, m\u00eame senteurs, packaging et flacon.<\/p>\n<p>C&#8217;est un parfum Aromatique Foug\u00e8re pour homme.<\/p>\n<p>Les notes de t\u00eate sont Fleur de muscadier, Lavande, C\u00e8dre, Mandarine, Camomille, Aub\u00e9pine, Bergamote et Citron; les notes de c\u0153ur sont Feuille de violette, Noix de muscade, C\u00e8dre, Bois de santal, \u0152illet, Ch\u00e8vrefeuille, Jasmin et Muguet; les notes de fond sont Cuir, V\u00e9tiver, Musc, Ambre, Patchouli et F\u00e8ve de tonka.<\/p>\n<p><img fetchpriority=\"high\" decoding=\"async\" class=\"alignnone size-medium wp-image-4874\" src=\"http:\/\/deeva.website\/wp-content\/uploads\/2025\/04\/1000050206-300x278.jpg\" alt=\"\" width=\"300\" height=\"278\" srcset=\"https:\/\/deeva.website\/wp-content\/uploads\/2025\/04\/1000050206-300x278.jpg 300w, https:\/\/deeva.website\/wp-content\/uploads\/2025\/04\/1000050206-1024x948.jpg 1024w, https:\/\/deeva.website\/wp-content\/uploads\/2025\/04\/1000050206-768x711.jpg 768w, https:\/\/deeva.website\/wp-content\/uploads\/2025\/04\/1000050206-1536x1422.jpg 1536w, https:\/\/deeva.website\/wp-content\/uploads\/2025\/04\/1000050206-600x555.jpg 600w, https:\/\/deeva.website\/wp-content\/uploads\/2025\/04\/1000050206.jpg 1724w\" sizes=\"(max-width: 300px) 100vw, 300px\" \/> <img decoding=\"async\" class=\"alignnone size-medium wp-image-4876\" src=\"http:\/\/deeva.website\/wp-content\/uploads\/2025\/04\/Capture29-246x300.png\" alt=\"\" width=\"246\" height=\"300\" srcset=\"https:\/\/deeva.website\/wp-content\/uploads\/2025\/04\/Capture29-246x300.png 246w, https:\/\/deeva.website\/wp-content\/uploads\/2025\/04\/Capture29.png 380w\" sizes=\"(max-width: 246px) 100vw, 246px\" \/><\/p>\n","protected":false},"featured_media":4870,"comment_status":"open","ping_status":"closed","template":"","meta":[],"product_cat":[71],"product_tag":[],"_links":{"self":[{"href":"https:\/\/deeva.website\/fr-tn\/wp-json\/wp\/v2\/product\/4867"}],"collection":[{"href":"https:\/\/deeva.website\/fr-tn\/wp-json\/wp\/v2\/product"}],"about":[{"href":"https:\/\/deeva.website\/fr-tn\/wp-json\/wp\/v2\/types\/product"}],"replies":[{"embeddable":true,"href":"https:\/\/deeva.website\/fr-tn\/wp-json\/wp\/v2\/comments?post=4867"}],"version-history":[{"count":1,"href":"https:\/\/deeva.website\/fr-tn\/wp-json\/wp\/v2\/product\/4867\/revisions"}],"predecessor-version":[{"id":4878,"href":"https:\/\/deeva.website\/fr-tn\/wp-json\/wp\/v2\/product\/4867\/revisions\/4878"}],"wp:featuredmedia":[{"embeddable":true,"href":"https:\/\/deeva.website\/fr-tn\/wp-json\/wp\/v2\/media\/4870"}],"wp:attachment":[{"href":"https:\/\/deeva.website\/fr-tn\/wp-json\/wp\/v2\/media?parent=4867"}],"wp:term":[{"taxonomy":"product_cat","embeddable":true,"href":"https:\/\/deeva.website\/fr-tn\/wp-json\/wp\/v2\/product_cat?post=4867"},{"taxonomy":"product_tag","embeddable":true,"href":"https:\/\/deeva.website\/fr-tn\/wp-json\/wp\/v2\/product_tag?post=4867"}],"curies":[{"name":"wp","href":"https:\/\/api.w.org\/{rel}","templated":true}]}}