{"id":4857,"date":"2025-04-20T21:40:31","date_gmt":"2025-04-20T19:40:31","guid":{"rendered":"https:\/\/deeva.website\/?post_type=product&#038;p=4857"},"modified":"2025-04-20T21:40:31","modified_gmt":"2025-04-20T19:40:31","slug":"dior-sauvage-elixir","status":"publish","type":"product","link":"https:\/\/deeva.website\/fr-tn\/produit\/dior-sauvage-elixir\/","title":{"rendered":"Dior Sauvage Elixir"},"content":{"rendered":"<p><strong>Sauvage Elixir 60ml<\/strong> de <em>Dior<\/em> un <strong>parfum identique \u00e0 l\u2019original<\/strong>, m\u00eame senteurs, packaging et flacon.<\/p>\n<p>Les notes de t\u00eate sont Noix de muscade, Cannelle, Cardamome et Pamplemousse; la note de c\u0153ur est Lavande; les notes de fond sont R\u00e9glisse, Bois de santal, Ambre, Patchouli et V\u00e9tiver de Ha\u00efti.<img fetchpriority=\"high\" decoding=\"async\" class=\"alignnone size-medium wp-image-4858\" src=\"http:\/\/deeva.website\/wp-content\/uploads\/2025\/04\/3348901567572-600x355-1-300x178.jpg\" alt=\"\" width=\"300\" height=\"178\" srcset=\"https:\/\/deeva.website\/wp-content\/uploads\/2025\/04\/3348901567572-600x355-1-300x178.jpg 300w, https:\/\/deeva.website\/wp-content\/uploads\/2025\/04\/3348901567572-600x355-1.jpg 600w\" sizes=\"(max-width: 300px) 100vw, 300px\" \/> \u00a0\u00a0<img decoding=\"async\" class=\"alignnone size-medium wp-image-4864\" src=\"http:\/\/deeva.website\/wp-content\/uploads\/2025\/04\/capture28-238x300.png\" alt=\"\" width=\"238\" height=\"300\" srcset=\"https:\/\/deeva.website\/wp-content\/uploads\/2025\/04\/capture28-238x300.png 238w, https:\/\/deeva.website\/wp-content\/uploads\/2025\/04\/capture28.png 390w\" sizes=\"(max-width: 238px) 100vw, 238px\" \/><\/p>\n","protected":false},"excerpt":{"rendered":"<p><strong>Sauvage Elixir 60ml<\/strong> de <em>Dior<\/em> un <strong>parfum identique \u00e0 l\u2019original<\/strong>, m\u00eame senteurs, packaging et flacon.<\/p>\n<p>Les notes de t\u00eate sont Noix de muscade, Cannelle, Cardamome et Pamplemousse; la note de c\u0153ur est Lavande; les notes de fond sont R\u00e9glisse, Bois de santal, Ambre, Patchouli et V\u00e9tiver de Ha\u00efti.<img fetchpriority=\"high\" decoding=\"async\" class=\"alignnone size-medium wp-image-4858\" src=\"http:\/\/deeva.website\/wp-content\/uploads\/2025\/04\/3348901567572-600x355-1-300x178.jpg\" alt=\"\" width=\"300\" height=\"178\" srcset=\"https:\/\/deeva.website\/wp-content\/uploads\/2025\/04\/3348901567572-600x355-1-300x178.jpg 300w, https:\/\/deeva.website\/wp-content\/uploads\/2025\/04\/3348901567572-600x355-1.jpg 600w\" sizes=\"(max-width: 300px) 100vw, 300px\" \/> \u00a0\u00a0<img decoding=\"async\" class=\"alignnone size-medium wp-image-4864\" src=\"http:\/\/deeva.website\/wp-content\/uploads\/2025\/04\/capture28-238x300.png\" alt=\"\" width=\"238\" height=\"300\" srcset=\"https:\/\/deeva.website\/wp-content\/uploads\/2025\/04\/capture28-238x300.png 238w, https:\/\/deeva.website\/wp-content\/uploads\/2025\/04\/capture28.png 390w\" sizes=\"(max-width: 238px) 100vw, 238px\" \/><\/p>\n","protected":false},"featured_media":4860,"comment_status":"open","ping_status":"closed","template":"","meta":[],"product_cat":[71],"product_tag":[],"_links":{"self":[{"href":"https:\/\/deeva.website\/fr-tn\/wp-json\/wp\/v2\/product\/4857"}],"collection":[{"href":"https:\/\/deeva.website\/fr-tn\/wp-json\/wp\/v2\/product"}],"about":[{"href":"https:\/\/deeva.website\/fr-tn\/wp-json\/wp\/v2\/types\/product"}],"replies":[{"embeddable":true,"href":"https:\/\/deeva.website\/fr-tn\/wp-json\/wp\/v2\/comments?post=4857"}],"version-history":[{"count":1,"href":"https:\/\/deeva.website\/fr-tn\/wp-json\/wp\/v2\/product\/4857\/revisions"}],"predecessor-version":[{"id":4866,"href":"https:\/\/deeva.website\/fr-tn\/wp-json\/wp\/v2\/product\/4857\/revisions\/4866"}],"wp:featuredmedia":[{"embeddable":true,"href":"https:\/\/deeva.website\/fr-tn\/wp-json\/wp\/v2\/media\/4860"}],"wp:attachment":[{"href":"https:\/\/deeva.website\/fr-tn\/wp-json\/wp\/v2\/media?parent=4857"}],"wp:term":[{"taxonomy":"product_cat","embeddable":true,"href":"https:\/\/deeva.website\/fr-tn\/wp-json\/wp\/v2\/product_cat?post=4857"},{"taxonomy":"product_tag","embeddable":true,"href":"https:\/\/deeva.website\/fr-tn\/wp-json\/wp\/v2\/product_tag?post=4857"}],"curies":[{"name":"wp","href":"https:\/\/api.w.org\/{rel}","templated":true}]}}