{"id":4839,"date":"2025-04-20T19:56:03","date_gmt":"2025-04-20T17:56:03","guid":{"rendered":"https:\/\/deeva.website\/?post_type=product&#038;p=4839"},"modified":"2025-04-20T19:56:03","modified_gmt":"2025-04-20T17:56:03","slug":"armaf-club-de-nuit-woman","status":"publish","type":"product","link":"https:\/\/deeva.website\/fr-tn\/produit\/armaf-club-de-nuit-woman\/","title":{"rendered":"Armaf Club de Nuit Woman"},"content":{"rendered":"<p><strong>Club de Nuit Woman 105ml<\/strong> de <em>Armaf<\/em> est un eau de parfum Floral fruit\u00e9 pour femme.<\/p>\n<p>Les notes de t\u00eate sont Orange, Bergamote, Pamplemousse et P\u00eache; les notes de c\u0153ur sont Rose, Jasmin, Litchi et G\u00e9ranium; les notes de fond sont Patchouli, Musc, Vanille et V\u00e9tiver.<\/p>\n<p><img fetchpriority=\"high\" decoding=\"async\" class=\"alignnone size-medium wp-image-4844\" src=\"http:\/\/deeva.website\/wp-content\/uploads\/2025\/04\/Capture26-260x300.png\" alt=\"\" width=\"260\" height=\"300\" srcset=\"https:\/\/deeva.website\/wp-content\/uploads\/2025\/04\/Capture26-260x300.png 260w, https:\/\/deeva.website\/wp-content\/uploads\/2025\/04\/Capture26.png 413w\" sizes=\"(max-width: 260px) 100vw, 260px\" \/> <img decoding=\"async\" class=\"alignnone size-full wp-image-4840\" src=\"http:\/\/deeva.website\/wp-content\/uploads\/2025\/04\/images-76.jpg\" alt=\"\" width=\"225\" height=\"225\" srcset=\"https:\/\/deeva.website\/wp-content\/uploads\/2025\/04\/images-76.jpg 225w, https:\/\/deeva.website\/wp-content\/uploads\/2025\/04\/images-76-150x150.jpg 150w, https:\/\/deeva.website\/wp-content\/uploads\/2025\/04\/images-76-100x100.jpg 100w, https:\/\/deeva.website\/wp-content\/uploads\/2025\/04\/images-76-24x24.jpg 24w, https:\/\/deeva.website\/wp-content\/uploads\/2025\/04\/images-76-48x48.jpg 48w, https:\/\/deeva.website\/wp-content\/uploads\/2025\/04\/images-76-96x96.jpg 96w\" sizes=\"(max-width: 225px) 100vw, 225px\" \/><\/p>\n","protected":false},"excerpt":{"rendered":"<p><strong>Club de Nuit Woman 105ml<\/strong> de <em>Armaf<\/em> est un eau de parfum Floral fruit\u00e9 pour femme.<\/p>\n<p>Les notes de t\u00eate sont Orange, Bergamote, Pamplemousse et P\u00eache; les notes de c\u0153ur sont Rose, Jasmin, Litchi et G\u00e9ranium; les notes de fond sont Patchouli, Musc, Vanille et V\u00e9tiver.<\/p>\n<p><img fetchpriority=\"high\" decoding=\"async\" class=\"alignnone size-medium wp-image-4844\" src=\"http:\/\/deeva.website\/wp-content\/uploads\/2025\/04\/Capture26-260x300.png\" alt=\"\" width=\"260\" height=\"300\" srcset=\"https:\/\/deeva.website\/wp-content\/uploads\/2025\/04\/Capture26-260x300.png 260w, https:\/\/deeva.website\/wp-content\/uploads\/2025\/04\/Capture26.png 413w\" sizes=\"(max-width: 260px) 100vw, 260px\" \/> <img decoding=\"async\" class=\"alignnone size-full wp-image-4840\" src=\"http:\/\/deeva.website\/wp-content\/uploads\/2025\/04\/images-76.jpg\" alt=\"\" width=\"225\" height=\"225\" srcset=\"https:\/\/deeva.website\/wp-content\/uploads\/2025\/04\/images-76.jpg 225w, https:\/\/deeva.website\/wp-content\/uploads\/2025\/04\/images-76-150x150.jpg 150w, https:\/\/deeva.website\/wp-content\/uploads\/2025\/04\/images-76-100x100.jpg 100w, https:\/\/deeva.website\/wp-content\/uploads\/2025\/04\/images-76-24x24.jpg 24w, https:\/\/deeva.website\/wp-content\/uploads\/2025\/04\/images-76-48x48.jpg 48w, https:\/\/deeva.website\/wp-content\/uploads\/2025\/04\/images-76-96x96.jpg 96w\" sizes=\"(max-width: 225px) 100vw, 225px\" \/><\/p>\n","protected":false},"featured_media":4842,"comment_status":"open","ping_status":"closed","template":"","meta":[],"product_cat":[81],"product_tag":[],"_links":{"self":[{"href":"https:\/\/deeva.website\/fr-tn\/wp-json\/wp\/v2\/product\/4839"}],"collection":[{"href":"https:\/\/deeva.website\/fr-tn\/wp-json\/wp\/v2\/product"}],"about":[{"href":"https:\/\/deeva.website\/fr-tn\/wp-json\/wp\/v2\/types\/product"}],"replies":[{"embeddable":true,"href":"https:\/\/deeva.website\/fr-tn\/wp-json\/wp\/v2\/comments?post=4839"}],"version-history":[{"count":1,"href":"https:\/\/deeva.website\/fr-tn\/wp-json\/wp\/v2\/product\/4839\/revisions"}],"predecessor-version":[{"id":4846,"href":"https:\/\/deeva.website\/fr-tn\/wp-json\/wp\/v2\/product\/4839\/revisions\/4846"}],"wp:featuredmedia":[{"embeddable":true,"href":"https:\/\/deeva.website\/fr-tn\/wp-json\/wp\/v2\/media\/4842"}],"wp:attachment":[{"href":"https:\/\/deeva.website\/fr-tn\/wp-json\/wp\/v2\/media?parent=4839"}],"wp:term":[{"taxonomy":"product_cat","embeddable":true,"href":"https:\/\/deeva.website\/fr-tn\/wp-json\/wp\/v2\/product_cat?post=4839"},{"taxonomy":"product_tag","embeddable":true,"href":"https:\/\/deeva.website\/fr-tn\/wp-json\/wp\/v2\/product_tag?post=4839"}],"curies":[{"name":"wp","href":"https:\/\/api.w.org\/{rel}","templated":true}]}}