{"id":4829,"date":"2025-04-20T19:48:46","date_gmt":"2025-04-20T17:48:46","guid":{"rendered":"https:\/\/deeva.website\/?post_type=product&#038;p=4829"},"modified":"2025-04-20T19:48:46","modified_gmt":"2025-04-20T17:48:46","slug":"armaf-club-de-nuit-urban-man","status":"publish","type":"product","link":"https:\/\/deeva.website\/fr-tn\/produit\/armaf-club-de-nuit-urban-man\/","title":{"rendered":"Armaf Club de Nuit Urban Man"},"content":{"rendered":"<p><strong>Club de Nuit Urban Man 105ml<\/strong> de <em>Armaf<\/em> est un eau de parfum Bois\u00e9 \u00c9pic\u00e9 pour homme.<\/p>\n<p>Les notes de t\u00eate sont Bergamote, Menthe, Pamplemousse et Cardamome; les notes de c\u0153ur sont Lavande, C\u00e8dre, Gingembre et Noix de muscade; les notes de fond sont Patchouli, V\u00e9tiver, Bois de santal et Mousse de ch\u00eane.<\/p>\n<p><img fetchpriority=\"high\" decoding=\"async\" class=\"alignnone size-medium wp-image-4836\" src=\"http:\/\/deeva.website\/wp-content\/uploads\/2025\/04\/Capture25-244x300.png\" alt=\"\" width=\"244\" height=\"300\" srcset=\"https:\/\/deeva.website\/wp-content\/uploads\/2025\/04\/Capture25-244x300.png 244w, https:\/\/deeva.website\/wp-content\/uploads\/2025\/04\/Capture25.png 397w\" sizes=\"(max-width: 244px) 100vw, 244px\" \/> <img decoding=\"async\" class=\"alignnone size-medium wp-image-4832\" src=\"http:\/\/deeva.website\/wp-content\/uploads\/2025\/04\/original-300x300.jpg\" alt=\"\" width=\"300\" height=\"300\" srcset=\"https:\/\/deeva.website\/wp-content\/uploads\/2025\/04\/original-300x300.jpg 300w, https:\/\/deeva.website\/wp-content\/uploads\/2025\/04\/original-150x150.jpg 150w, https:\/\/deeva.website\/wp-content\/uploads\/2025\/04\/original-768x768.jpg 768w, https:\/\/deeva.website\/wp-content\/uploads\/2025\/04\/original-400x400.jpg 400w, https:\/\/deeva.website\/wp-content\/uploads\/2025\/04\/original-600x600.jpg 600w, https:\/\/deeva.website\/wp-content\/uploads\/2025\/04\/original-100x100.jpg 100w, https:\/\/deeva.website\/wp-content\/uploads\/2025\/04\/original-24x24.jpg 24w, https:\/\/deeva.website\/wp-content\/uploads\/2025\/04\/original-48x48.jpg 48w, https:\/\/deeva.website\/wp-content\/uploads\/2025\/04\/original-96x96.jpg 96w, https:\/\/deeva.website\/wp-content\/uploads\/2025\/04\/original.jpg 800w\" sizes=\"(max-width: 300px) 100vw, 300px\" \/><\/p>\n","protected":false},"excerpt":{"rendered":"<p><strong>Club de Nuit Urban Man 105ml<\/strong> de <em>Armaf<\/em> est un eau de parfum Bois\u00e9 \u00c9pic\u00e9 pour homme.<\/p>\n<p>Les notes de t\u00eate sont Bergamote, Menthe, Pamplemousse et Cardamome; les notes de c\u0153ur sont Lavande, C\u00e8dre, Gingembre et Noix de muscade; les notes de fond sont Patchouli, V\u00e9tiver, Bois de santal et Mousse de ch\u00eane.<\/p>\n<p><img fetchpriority=\"high\" decoding=\"async\" class=\"alignnone size-medium wp-image-4836\" src=\"http:\/\/deeva.website\/wp-content\/uploads\/2025\/04\/Capture25-244x300.png\" alt=\"\" width=\"244\" height=\"300\" srcset=\"https:\/\/deeva.website\/wp-content\/uploads\/2025\/04\/Capture25-244x300.png 244w, https:\/\/deeva.website\/wp-content\/uploads\/2025\/04\/Capture25.png 397w\" sizes=\"(max-width: 244px) 100vw, 244px\" \/> <img decoding=\"async\" class=\"alignnone size-medium wp-image-4832\" src=\"http:\/\/deeva.website\/wp-content\/uploads\/2025\/04\/original-300x300.jpg\" alt=\"\" width=\"300\" height=\"300\" srcset=\"https:\/\/deeva.website\/wp-content\/uploads\/2025\/04\/original-300x300.jpg 300w, https:\/\/deeva.website\/wp-content\/uploads\/2025\/04\/original-150x150.jpg 150w, https:\/\/deeva.website\/wp-content\/uploads\/2025\/04\/original-768x768.jpg 768w, https:\/\/deeva.website\/wp-content\/uploads\/2025\/04\/original-400x400.jpg 400w, https:\/\/deeva.website\/wp-content\/uploads\/2025\/04\/original-600x600.jpg 600w, https:\/\/deeva.website\/wp-content\/uploads\/2025\/04\/original-100x100.jpg 100w, https:\/\/deeva.website\/wp-content\/uploads\/2025\/04\/original-24x24.jpg 24w, https:\/\/deeva.website\/wp-content\/uploads\/2025\/04\/original-48x48.jpg 48w, https:\/\/deeva.website\/wp-content\/uploads\/2025\/04\/original-96x96.jpg 96w, https:\/\/deeva.website\/wp-content\/uploads\/2025\/04\/original.jpg 800w\" sizes=\"(max-width: 300px) 100vw, 300px\" \/><\/p>\n","protected":false},"featured_media":4830,"comment_status":"open","ping_status":"closed","template":"","meta":[],"product_cat":[71],"product_tag":[],"_links":{"self":[{"href":"https:\/\/deeva.website\/fr-tn\/wp-json\/wp\/v2\/product\/4829"}],"collection":[{"href":"https:\/\/deeva.website\/fr-tn\/wp-json\/wp\/v2\/product"}],"about":[{"href":"https:\/\/deeva.website\/fr-tn\/wp-json\/wp\/v2\/types\/product"}],"replies":[{"embeddable":true,"href":"https:\/\/deeva.website\/fr-tn\/wp-json\/wp\/v2\/comments?post=4829"}],"version-history":[{"count":1,"href":"https:\/\/deeva.website\/fr-tn\/wp-json\/wp\/v2\/product\/4829\/revisions"}],"predecessor-version":[{"id":4838,"href":"https:\/\/deeva.website\/fr-tn\/wp-json\/wp\/v2\/product\/4829\/revisions\/4838"}],"wp:featuredmedia":[{"embeddable":true,"href":"https:\/\/deeva.website\/fr-tn\/wp-json\/wp\/v2\/media\/4830"}],"wp:attachment":[{"href":"https:\/\/deeva.website\/fr-tn\/wp-json\/wp\/v2\/media?parent=4829"}],"wp:term":[{"taxonomy":"product_cat","embeddable":true,"href":"https:\/\/deeva.website\/fr-tn\/wp-json\/wp\/v2\/product_cat?post=4829"},{"taxonomy":"product_tag","embeddable":true,"href":"https:\/\/deeva.website\/fr-tn\/wp-json\/wp\/v2\/product_tag?post=4829"}],"curies":[{"name":"wp","href":"https:\/\/api.w.org\/{rel}","templated":true}]}}