{"id":4821,"date":"2025-04-20T19:39:02","date_gmt":"2025-04-20T17:39:02","guid":{"rendered":"https:\/\/deeva.website\/?post_type=product&#038;p=4821"},"modified":"2025-05-12T21:55:07","modified_gmt":"2025-05-12T19:55:07","slug":"arabiyat-lamsat-harir","status":"publish","type":"product","link":"https:\/\/deeva.website\/fr-tn\/produit\/arabiyat-lamsat-harir\/","title":{"rendered":"Arabiyat Lamsat Harir"},"content":{"rendered":"<p><strong>Lamsat Harir 100ml<\/strong> de <em>Arabiyat<\/em> est un eau de parfum Floral fruit\u00e9 pour femme.<\/p>\n<p>Les notes de t\u00eate sont Raisin et Cassis; les notes de c\u0153ur sont Tub\u00e9reuse, Jasmin et H\u00e9liotrope; les notes de fond sont Patchouli, Musc et C\u00e8dre.<\/p>\n<p><img fetchpriority=\"high\" decoding=\"async\" class=\"alignnone size-medium wp-image-4826\" src=\"http:\/\/deeva.website\/wp-content\/uploads\/2025\/04\/Capture24-244x300.png\" alt=\"\" width=\"244\" height=\"300\" srcset=\"https:\/\/deeva.website\/wp-content\/uploads\/2025\/04\/Capture24-244x300.png 244w, https:\/\/deeva.website\/wp-content\/uploads\/2025\/04\/Capture24.png 375w\" sizes=\"(max-width: 244px) 100vw, 244px\" \/> <img decoding=\"async\" class=\"alignnone size-medium wp-image-4824\" src=\"http:\/\/deeva.website\/wp-content\/uploads\/2025\/04\/ppppp-225x300.png\" alt=\"\" width=\"225\" height=\"300\" srcset=\"https:\/\/deeva.website\/wp-content\/uploads\/2025\/04\/ppppp-225x300.png 225w, https:\/\/deeva.website\/wp-content\/uploads\/2025\/04\/ppppp.png 370w\" sizes=\"(max-width: 225px) 100vw, 225px\" \/><\/p>\n","protected":false},"excerpt":{"rendered":"<p><strong>Lamsat Harir 100ml<\/strong> de <em>Arabiyat<\/em> est un eau de parfum Floral fruit\u00e9 pour femme.<\/p>\n<p>Les notes de t\u00eate sont Raisin et Cassis; les notes de c\u0153ur sont Tub\u00e9reuse, Jasmin et H\u00e9liotrope; les notes de fond sont Patchouli, Musc et C\u00e8dre.<\/p>\n<p><img fetchpriority=\"high\" decoding=\"async\" class=\"alignnone size-medium wp-image-4826\" src=\"http:\/\/deeva.website\/wp-content\/uploads\/2025\/04\/Capture24-244x300.png\" alt=\"\" width=\"244\" height=\"300\" srcset=\"https:\/\/deeva.website\/wp-content\/uploads\/2025\/04\/Capture24-244x300.png 244w, https:\/\/deeva.website\/wp-content\/uploads\/2025\/04\/Capture24.png 375w\" sizes=\"(max-width: 244px) 100vw, 244px\" \/> <img decoding=\"async\" class=\"alignnone size-medium wp-image-4824\" src=\"http:\/\/deeva.website\/wp-content\/uploads\/2025\/04\/ppppp-225x300.png\" alt=\"\" width=\"225\" height=\"300\" srcset=\"https:\/\/deeva.website\/wp-content\/uploads\/2025\/04\/ppppp-225x300.png 225w, https:\/\/deeva.website\/wp-content\/uploads\/2025\/04\/ppppp.png 370w\" sizes=\"(max-width: 225px) 100vw, 225px\" \/><\/p>\n","protected":false},"featured_media":4822,"comment_status":"open","ping_status":"closed","template":"","meta":[],"product_cat":[81],"product_tag":[],"_links":{"self":[{"href":"https:\/\/deeva.website\/fr-tn\/wp-json\/wp\/v2\/product\/4821"}],"collection":[{"href":"https:\/\/deeva.website\/fr-tn\/wp-json\/wp\/v2\/product"}],"about":[{"href":"https:\/\/deeva.website\/fr-tn\/wp-json\/wp\/v2\/types\/product"}],"replies":[{"embeddable":true,"href":"https:\/\/deeva.website\/fr-tn\/wp-json\/wp\/v2\/comments?post=4821"}],"version-history":[{"count":1,"href":"https:\/\/deeva.website\/fr-tn\/wp-json\/wp\/v2\/product\/4821\/revisions"}],"predecessor-version":[{"id":4828,"href":"https:\/\/deeva.website\/fr-tn\/wp-json\/wp\/v2\/product\/4821\/revisions\/4828"}],"wp:featuredmedia":[{"embeddable":true,"href":"https:\/\/deeva.website\/fr-tn\/wp-json\/wp\/v2\/media\/4822"}],"wp:attachment":[{"href":"https:\/\/deeva.website\/fr-tn\/wp-json\/wp\/v2\/media?parent=4821"}],"wp:term":[{"taxonomy":"product_cat","embeddable":true,"href":"https:\/\/deeva.website\/fr-tn\/wp-json\/wp\/v2\/product_cat?post=4821"},{"taxonomy":"product_tag","embeddable":true,"href":"https:\/\/deeva.website\/fr-tn\/wp-json\/wp\/v2\/product_tag?post=4821"}],"curies":[{"name":"wp","href":"https:\/\/api.w.org\/{rel}","templated":true}]}}