{"id":4799,"date":"2025-04-20T19:25:15","date_gmt":"2025-04-20T17:25:15","guid":{"rendered":"https:\/\/deeva.website\/?post_type=product&#038;p=4799"},"modified":"2025-04-20T19:25:15","modified_gmt":"2025-04-20T17:25:15","slug":"rave-now-black","status":"publish","type":"product","link":"https:\/\/deeva.website\/fr-tn\/produit\/rave-now-black\/","title":{"rendered":"Rave Now Black"},"content":{"rendered":"<p><strong>Now Black 100ml\u00a0<\/strong> de <em>RAVE<\/em> est un eau de parfum Bois\u00e9 Aromatique pour homme.<\/p>\n<p>Les notes de t\u00eate sont Ananas, Bergamote, Pomme et Cassis; les notes de c\u0153ur sont Bouleau, Patchouli, Jasmin du Maroc et Rose; les notes de fond sont Musc, Vanille, Mousse de ch\u00eane et Ambre gris.<\/p>\n<p><img fetchpriority=\"high\" decoding=\"async\" class=\"alignnone size-medium wp-image-4806\" src=\"http:\/\/deeva.website\/wp-content\/uploads\/2025\/04\/Capture22-281x300.png\" alt=\"\" width=\"281\" height=\"300\" srcset=\"https:\/\/deeva.website\/wp-content\/uploads\/2025\/04\/Capture22-281x300.png 281w, https:\/\/deeva.website\/wp-content\/uploads\/2025\/04\/Capture22.png 391w\" sizes=\"(max-width: 281px) 100vw, 281px\" \/> <img decoding=\"async\" class=\"alignnone size-full wp-image-4802\" src=\"http:\/\/deeva.website\/wp-content\/uploads\/2025\/04\/images-69.jpg\" alt=\"\" width=\"201\" height=\"251\" \/><\/p>\n<p>&nbsp;<\/p>\n","protected":false},"excerpt":{"rendered":"<p><strong>Now Black 100ml\u00a0<\/strong> de <em>RAVE<\/em> est un eau de parfum Bois\u00e9 Aromatique pour homme.<\/p>\n<p>Les notes de t\u00eate sont Ananas, Bergamote, Pomme et Cassis; les notes de c\u0153ur sont Bouleau, Patchouli, Jasmin du Maroc et Rose; les notes de fond sont Musc, Vanille, Mousse de ch\u00eane et Ambre gris.<\/p>\n<p><img fetchpriority=\"high\" decoding=\"async\" class=\"alignnone size-medium wp-image-4806\" src=\"http:\/\/deeva.website\/wp-content\/uploads\/2025\/04\/Capture22-281x300.png\" alt=\"\" width=\"281\" height=\"300\" srcset=\"https:\/\/deeva.website\/wp-content\/uploads\/2025\/04\/Capture22-281x300.png 281w, https:\/\/deeva.website\/wp-content\/uploads\/2025\/04\/Capture22.png 391w\" sizes=\"(max-width: 281px) 100vw, 281px\" \/> <img decoding=\"async\" class=\"alignnone size-full wp-image-4802\" src=\"http:\/\/deeva.website\/wp-content\/uploads\/2025\/04\/images-69.jpg\" alt=\"\" width=\"201\" height=\"251\" \/><\/p>\n<p>&nbsp;<\/p>\n","protected":false},"featured_media":4800,"comment_status":"open","ping_status":"closed","template":"","meta":[],"product_cat":[71],"product_tag":[],"_links":{"self":[{"href":"https:\/\/deeva.website\/fr-tn\/wp-json\/wp\/v2\/product\/4799"}],"collection":[{"href":"https:\/\/deeva.website\/fr-tn\/wp-json\/wp\/v2\/product"}],"about":[{"href":"https:\/\/deeva.website\/fr-tn\/wp-json\/wp\/v2\/types\/product"}],"replies":[{"embeddable":true,"href":"https:\/\/deeva.website\/fr-tn\/wp-json\/wp\/v2\/comments?post=4799"}],"version-history":[{"count":1,"href":"https:\/\/deeva.website\/fr-tn\/wp-json\/wp\/v2\/product\/4799\/revisions"}],"predecessor-version":[{"id":4808,"href":"https:\/\/deeva.website\/fr-tn\/wp-json\/wp\/v2\/product\/4799\/revisions\/4808"}],"wp:featuredmedia":[{"embeddable":true,"href":"https:\/\/deeva.website\/fr-tn\/wp-json\/wp\/v2\/media\/4800"}],"wp:attachment":[{"href":"https:\/\/deeva.website\/fr-tn\/wp-json\/wp\/v2\/media?parent=4799"}],"wp:term":[{"taxonomy":"product_cat","embeddable":true,"href":"https:\/\/deeva.website\/fr-tn\/wp-json\/wp\/v2\/product_cat?post=4799"},{"taxonomy":"product_tag","embeddable":true,"href":"https:\/\/deeva.website\/fr-tn\/wp-json\/wp\/v2\/product_tag?post=4799"}],"curies":[{"name":"wp","href":"https:\/\/api.w.org\/{rel}","templated":true}]}}