{"id":4785,"date":"2025-04-20T19:15:06","date_gmt":"2025-04-20T17:15:06","guid":{"rendered":"https:\/\/deeva.website\/?post_type=product&#038;p=4785"},"modified":"2025-05-12T21:53:49","modified_gmt":"2025-05-12T19:53:49","slug":"lattafa-khamrah","status":"publish","type":"product","link":"https:\/\/deeva.website\/fr-tn\/produit\/lattafa-khamrah\/","title":{"rendered":"Lattafa Khamrah"},"content":{"rendered":"<p><strong>Khamrah 100ml<\/strong> de <em>Lattafa Perfumes<\/em> est un eau de\u00a0 parfum Orientale \u00c9pic\u00e9 pour homme et femme.<\/p>\n<p>Les notes de t\u00eate sont Cannelle, Noix de muscade et Bergamote; les notes de c\u0153ur sont Dates, Pralin\u00e9, Tub\u00e9reuse et Mahonial; les notes de fond sont Vanille, F\u00e8ve de tonka, Amberwood, Myrrhe, Benjoin et Bois d&#8217;Akigala.<\/p>\n<p><img fetchpriority=\"high\" decoding=\"async\" class=\"alignnone size-medium wp-image-4794\" src=\"http:\/\/deeva.website\/wp-content\/uploads\/2025\/04\/Capture21-1-272x300.png\" alt=\"\" width=\"272\" height=\"300\" srcset=\"https:\/\/deeva.website\/wp-content\/uploads\/2025\/04\/Capture21-1-272x300.png 272w, https:\/\/deeva.website\/wp-content\/uploads\/2025\/04\/Capture21-1.png 376w\" sizes=\"(max-width: 272px) 100vw, 272px\" \/> <img decoding=\"async\" class=\"alignnone size-medium wp-image-4796\" src=\"http:\/\/deeva.website\/wp-content\/uploads\/2025\/04\/images-68-1.jpg\" alt=\"\" width=\"201\" height=\"251\" \/><\/p>\n","protected":false},"excerpt":{"rendered":"<p><strong>Khamrah 100ml<\/strong> de <em>Lattafa Perfumes<\/em> est un eau de\u00a0 parfum Orientale \u00c9pic\u00e9 pour homme et femme.<\/p>\n<p>Les notes de t\u00eate sont Cannelle, Noix de muscade et Bergamote; les notes de c\u0153ur sont Dates, Pralin\u00e9, Tub\u00e9reuse et Mahonial; les notes de fond sont Vanille, F\u00e8ve de tonka, Amberwood, Myrrhe, Benjoin et Bois d&#8217;Akigala.<\/p>\n<p><img fetchpriority=\"high\" decoding=\"async\" class=\"alignnone size-medium wp-image-4794\" src=\"http:\/\/deeva.website\/wp-content\/uploads\/2025\/04\/Capture21-1-272x300.png\" alt=\"\" width=\"272\" height=\"300\" srcset=\"https:\/\/deeva.website\/wp-content\/uploads\/2025\/04\/Capture21-1-272x300.png 272w, https:\/\/deeva.website\/wp-content\/uploads\/2025\/04\/Capture21-1.png 376w\" sizes=\"(max-width: 272px) 100vw, 272px\" \/> <img decoding=\"async\" class=\"alignnone size-medium wp-image-4796\" src=\"http:\/\/deeva.website\/wp-content\/uploads\/2025\/04\/images-68-1.jpg\" alt=\"\" width=\"201\" height=\"251\" \/><\/p>\n","protected":false},"featured_media":4788,"comment_status":"open","ping_status":"closed","template":"","meta":[],"product_cat":[81,71],"product_tag":[],"_links":{"self":[{"href":"https:\/\/deeva.website\/fr-tn\/wp-json\/wp\/v2\/product\/4785"}],"collection":[{"href":"https:\/\/deeva.website\/fr-tn\/wp-json\/wp\/v2\/product"}],"about":[{"href":"https:\/\/deeva.website\/fr-tn\/wp-json\/wp\/v2\/types\/product"}],"replies":[{"embeddable":true,"href":"https:\/\/deeva.website\/fr-tn\/wp-json\/wp\/v2\/comments?post=4785"}],"version-history":[{"count":1,"href":"https:\/\/deeva.website\/fr-tn\/wp-json\/wp\/v2\/product\/4785\/revisions"}],"predecessor-version":[{"id":4798,"href":"https:\/\/deeva.website\/fr-tn\/wp-json\/wp\/v2\/product\/4785\/revisions\/4798"}],"wp:featuredmedia":[{"embeddable":true,"href":"https:\/\/deeva.website\/fr-tn\/wp-json\/wp\/v2\/media\/4788"}],"wp:attachment":[{"href":"https:\/\/deeva.website\/fr-tn\/wp-json\/wp\/v2\/media?parent=4785"}],"wp:term":[{"taxonomy":"product_cat","embeddable":true,"href":"https:\/\/deeva.website\/fr-tn\/wp-json\/wp\/v2\/product_cat?post=4785"},{"taxonomy":"product_tag","embeddable":true,"href":"https:\/\/deeva.website\/fr-tn\/wp-json\/wp\/v2\/product_tag?post=4785"}],"curies":[{"name":"wp","href":"https:\/\/api.w.org\/{rel}","templated":true}]}}