{"id":4777,"date":"2025-04-20T19:04:44","date_gmt":"2025-04-20T17:04:44","guid":{"rendered":"https:\/\/deeva.website\/?post_type=product&#038;p=4777"},"modified":"2025-05-12T21:53:31","modified_gmt":"2025-05-12T19:53:31","slug":"lattafa-yara-candy","status":"publish","type":"product","link":"https:\/\/deeva.website\/fr-tn\/produit\/lattafa-yara-candy\/","title":{"rendered":"Lattafa Yara Candy"},"content":{"rendered":"<p><strong>Yara Candy 100ml<\/strong> de <em>Lattafa Perfumes<\/em> est un eau de parfum Floral Fruit\u00e9 Gourmand pour femme.<\/p>\n<p>Les notes de t\u00eate sont Cassis et Mandarine verte; les notes de c\u0153ur sont Strawberry Fizz Candy et Gard\u00e9nia; les notes de fond sont Vanille, Musc, Ambre et Bois de santal.<\/p>\n<p><img fetchpriority=\"high\" decoding=\"async\" class=\"alignnone size-medium wp-image-4782\" src=\"http:\/\/deeva.website\/wp-content\/uploads\/2025\/04\/Capture20-251x300.png\" alt=\"\" width=\"251\" height=\"300\" srcset=\"https:\/\/deeva.website\/wp-content\/uploads\/2025\/04\/Capture20-251x300.png 251w, https:\/\/deeva.website\/wp-content\/uploads\/2025\/04\/Capture20.png 383w\" sizes=\"(max-width: 251px) 100vw, 251px\" \/> <img decoding=\"async\" class=\"alignnone size-full wp-image-4778\" src=\"http:\/\/deeva.website\/wp-content\/uploads\/2025\/04\/images-64.jpg\" alt=\"\" width=\"194\" height=\"259\" \/><\/p>\n","protected":false},"excerpt":{"rendered":"<p><strong>Yara Candy 100ml<\/strong> de <em>Lattafa Perfumes<\/em> est un eau de parfum Floral Fruit\u00e9 Gourmand pour femme.<\/p>\n<p>Les notes de t\u00eate sont Cassis et Mandarine verte; les notes de c\u0153ur sont Strawberry Fizz Candy et Gard\u00e9nia; les notes de fond sont Vanille, Musc, Ambre et Bois de santal.<\/p>\n<p><img fetchpriority=\"high\" decoding=\"async\" class=\"alignnone size-medium wp-image-4782\" src=\"http:\/\/deeva.website\/wp-content\/uploads\/2025\/04\/Capture20-251x300.png\" alt=\"\" width=\"251\" height=\"300\" srcset=\"https:\/\/deeva.website\/wp-content\/uploads\/2025\/04\/Capture20-251x300.png 251w, https:\/\/deeva.website\/wp-content\/uploads\/2025\/04\/Capture20.png 383w\" sizes=\"(max-width: 251px) 100vw, 251px\" \/> <img decoding=\"async\" class=\"alignnone size-full wp-image-4778\" src=\"http:\/\/deeva.website\/wp-content\/uploads\/2025\/04\/images-64.jpg\" alt=\"\" width=\"194\" height=\"259\" \/><\/p>\n","protected":false},"featured_media":4780,"comment_status":"open","ping_status":"closed","template":"","meta":[],"product_cat":[81],"product_tag":[],"_links":{"self":[{"href":"https:\/\/deeva.website\/fr-tn\/wp-json\/wp\/v2\/product\/4777"}],"collection":[{"href":"https:\/\/deeva.website\/fr-tn\/wp-json\/wp\/v2\/product"}],"about":[{"href":"https:\/\/deeva.website\/fr-tn\/wp-json\/wp\/v2\/types\/product"}],"replies":[{"embeddable":true,"href":"https:\/\/deeva.website\/fr-tn\/wp-json\/wp\/v2\/comments?post=4777"}],"version-history":[{"count":2,"href":"https:\/\/deeva.website\/fr-tn\/wp-json\/wp\/v2\/product\/4777\/revisions"}],"predecessor-version":[{"id":4879,"href":"https:\/\/deeva.website\/fr-tn\/wp-json\/wp\/v2\/product\/4777\/revisions\/4879"}],"wp:featuredmedia":[{"embeddable":true,"href":"https:\/\/deeva.website\/fr-tn\/wp-json\/wp\/v2\/media\/4780"}],"wp:attachment":[{"href":"https:\/\/deeva.website\/fr-tn\/wp-json\/wp\/v2\/media?parent=4777"}],"wp:term":[{"taxonomy":"product_cat","embeddable":true,"href":"https:\/\/deeva.website\/fr-tn\/wp-json\/wp\/v2\/product_cat?post=4777"},{"taxonomy":"product_tag","embeddable":true,"href":"https:\/\/deeva.website\/fr-tn\/wp-json\/wp\/v2\/product_tag?post=4777"}],"curies":[{"name":"wp","href":"https:\/\/api.w.org\/{rel}","templated":true}]}}