{"id":4765,"date":"2025-04-20T18:57:31","date_gmt":"2025-04-20T16:57:31","guid":{"rendered":"https:\/\/deeva.website\/?post_type=product&#038;p=4765"},"modified":"2025-05-12T21:53:11","modified_gmt":"2025-05-12T19:53:11","slug":"lattafa-asad","status":"publish","type":"product","link":"https:\/\/deeva.website\/fr-tn\/produit\/lattafa-asad\/","title":{"rendered":"Lattafa Asad"},"content":{"rendered":"<p><b>Asad 100ml<\/b>\u00a0de\u00a0<b>Lattafa Perfumes<\/b> est un eau de parfum Orientale pour homme.<\/p>\n<p>Les notes de t\u00eate sont Poivre noir, Tabac et Ananas; les notes de c\u0153ur sont Patchouli, Caf\u00e9 et Iris; les notes de fond sont Vanille, Ambre, Bois sec, Benjoin et Ciste.<\/p>\n<p><img fetchpriority=\"high\" decoding=\"async\" class=\"alignnone size-medium wp-image-4774\" src=\"http:\/\/deeva.website\/wp-content\/uploads\/2025\/04\/Capture19-243x300.png\" alt=\"\" width=\"243\" height=\"300\" srcset=\"https:\/\/deeva.website\/wp-content\/uploads\/2025\/04\/Capture19-243x300.png 243w, https:\/\/deeva.website\/wp-content\/uploads\/2025\/04\/Capture19.png 382w\" sizes=\"(max-width: 243px) 100vw, 243px\" \/> <img decoding=\"async\" class=\"alignnone size-medium wp-image-4770\" src=\"http:\/\/deeva.website\/wp-content\/uploads\/2025\/04\/41sEt5JVj0L._AC_UF8941000_QL80_-131x300.jpg\" alt=\"\" width=\"131\" height=\"300\" srcset=\"https:\/\/deeva.website\/wp-content\/uploads\/2025\/04\/41sEt5JVj0L._AC_UF8941000_QL80_-131x300.jpg 131w, https:\/\/deeva.website\/wp-content\/uploads\/2025\/04\/41sEt5JVj0L._AC_UF8941000_QL80_.jpg 436w\" sizes=\"(max-width: 131px) 100vw, 131px\" \/><\/p>\n","protected":false},"excerpt":{"rendered":"<p><b>Asad 100ml<\/b>\u00a0de\u00a0<b>Lattafa Perfumes<\/b> est un eau de parfum Orientale pour homme.<\/p>\n<p>Les notes de t\u00eate sont Poivre noir, Tabac et Ananas; les notes de c\u0153ur sont Patchouli, Caf\u00e9 et Iris; les notes de fond sont Vanille, Ambre, Bois sec, Benjoin et Ciste.<\/p>\n<p><img fetchpriority=\"high\" decoding=\"async\" class=\"alignnone size-medium wp-image-4774\" src=\"http:\/\/deeva.website\/wp-content\/uploads\/2025\/04\/Capture19-243x300.png\" alt=\"\" width=\"243\" height=\"300\" srcset=\"https:\/\/deeva.website\/wp-content\/uploads\/2025\/04\/Capture19-243x300.png 243w, https:\/\/deeva.website\/wp-content\/uploads\/2025\/04\/Capture19.png 382w\" sizes=\"(max-width: 243px) 100vw, 243px\" \/> <img decoding=\"async\" class=\"alignnone size-medium wp-image-4770\" src=\"http:\/\/deeva.website\/wp-content\/uploads\/2025\/04\/41sEt5JVj0L._AC_UF8941000_QL80_-131x300.jpg\" alt=\"\" width=\"131\" height=\"300\" srcset=\"https:\/\/deeva.website\/wp-content\/uploads\/2025\/04\/41sEt5JVj0L._AC_UF8941000_QL80_-131x300.jpg 131w, https:\/\/deeva.website\/wp-content\/uploads\/2025\/04\/41sEt5JVj0L._AC_UF8941000_QL80_.jpg 436w\" sizes=\"(max-width: 131px) 100vw, 131px\" \/><\/p>\n","protected":false},"featured_media":4766,"comment_status":"open","ping_status":"closed","template":"","meta":[],"product_cat":[71],"product_tag":[],"_links":{"self":[{"href":"https:\/\/deeva.website\/fr-tn\/wp-json\/wp\/v2\/product\/4765"}],"collection":[{"href":"https:\/\/deeva.website\/fr-tn\/wp-json\/wp\/v2\/product"}],"about":[{"href":"https:\/\/deeva.website\/fr-tn\/wp-json\/wp\/v2\/types\/product"}],"replies":[{"embeddable":true,"href":"https:\/\/deeva.website\/fr-tn\/wp-json\/wp\/v2\/comments?post=4765"}],"version-history":[{"count":1,"href":"https:\/\/deeva.website\/fr-tn\/wp-json\/wp\/v2\/product\/4765\/revisions"}],"predecessor-version":[{"id":4776,"href":"https:\/\/deeva.website\/fr-tn\/wp-json\/wp\/v2\/product\/4765\/revisions\/4776"}],"wp:featuredmedia":[{"embeddable":true,"href":"https:\/\/deeva.website\/fr-tn\/wp-json\/wp\/v2\/media\/4766"}],"wp:attachment":[{"href":"https:\/\/deeva.website\/fr-tn\/wp-json\/wp\/v2\/media?parent=4765"}],"wp:term":[{"taxonomy":"product_cat","embeddable":true,"href":"https:\/\/deeva.website\/fr-tn\/wp-json\/wp\/v2\/product_cat?post=4765"},{"taxonomy":"product_tag","embeddable":true,"href":"https:\/\/deeva.website\/fr-tn\/wp-json\/wp\/v2\/product_tag?post=4765"}],"curies":[{"name":"wp","href":"https:\/\/api.w.org\/{rel}","templated":true}]}}