{"id":4757,"date":"2025-04-20T18:51:19","date_gmt":"2025-04-20T16:51:19","guid":{"rendered":"https:\/\/deeva.website\/?post_type=product&#038;p=4757"},"modified":"2025-05-12T21:52:52","modified_gmt":"2025-05-12T19:52:52","slug":"lattafa-yara","status":"publish","type":"product","link":"https:\/\/deeva.website\/fr-tn\/produit\/lattafa-yara\/","title":{"rendered":"Lattafa Yara"},"content":{"rendered":"<p><strong>Yara 100ml<\/strong> de<em> Lattafa Perfumes<\/em> est un eau de parfum Orientale Vanill\u00e9 pour femme.<\/p>\n<p>Les notes de t\u00eate sont Orchid\u00e9e, H\u00e9liotrope et Tangerine; les notes de c\u0153ur sont Accord gourmand et Fruits tropicaux; les notes de fond sont Vanille, Musc et Bois de santal.<\/p>\n<p><img fetchpriority=\"high\" decoding=\"async\" class=\"alignnone size-medium wp-image-4762\" src=\"http:\/\/deeva.website\/wp-content\/uploads\/2025\/04\/Capture18-280x300.png\" alt=\"\" width=\"280\" height=\"300\" srcset=\"https:\/\/deeva.website\/wp-content\/uploads\/2025\/04\/Capture18-280x300.png 280w, https:\/\/deeva.website\/wp-content\/uploads\/2025\/04\/Capture18.png 388w\" sizes=\"(max-width: 280px) 100vw, 280px\" \/> <img decoding=\"async\" class=\"alignnone size-full wp-image-4758\" src=\"http:\/\/deeva.website\/wp-content\/uploads\/2025\/04\/images-61.jpg\" alt=\"\" width=\"225\" height=\"225\" srcset=\"https:\/\/deeva.website\/wp-content\/uploads\/2025\/04\/images-61.jpg 225w, https:\/\/deeva.website\/wp-content\/uploads\/2025\/04\/images-61-150x150.jpg 150w, https:\/\/deeva.website\/wp-content\/uploads\/2025\/04\/images-61-100x100.jpg 100w, https:\/\/deeva.website\/wp-content\/uploads\/2025\/04\/images-61-24x24.jpg 24w, https:\/\/deeva.website\/wp-content\/uploads\/2025\/04\/images-61-48x48.jpg 48w, https:\/\/deeva.website\/wp-content\/uploads\/2025\/04\/images-61-96x96.jpg 96w\" sizes=\"(max-width: 225px) 100vw, 225px\" \/><\/p>\n","protected":false},"excerpt":{"rendered":"<p><strong>Yara 100ml<\/strong> de<em> Lattafa Perfumes<\/em> est un eau de parfum Orientale Vanill\u00e9 pour femme.<\/p>\n<p>Les notes de t\u00eate sont Orchid\u00e9e, H\u00e9liotrope et Tangerine; les notes de c\u0153ur sont Accord gourmand et Fruits tropicaux; les notes de fond sont Vanille, Musc et Bois de santal.<\/p>\n<p><img fetchpriority=\"high\" decoding=\"async\" class=\"alignnone size-medium wp-image-4762\" src=\"http:\/\/deeva.website\/wp-content\/uploads\/2025\/04\/Capture18-280x300.png\" alt=\"\" width=\"280\" height=\"300\" srcset=\"https:\/\/deeva.website\/wp-content\/uploads\/2025\/04\/Capture18-280x300.png 280w, https:\/\/deeva.website\/wp-content\/uploads\/2025\/04\/Capture18.png 388w\" sizes=\"(max-width: 280px) 100vw, 280px\" \/> <img decoding=\"async\" class=\"alignnone size-full wp-image-4758\" src=\"http:\/\/deeva.website\/wp-content\/uploads\/2025\/04\/images-61.jpg\" alt=\"\" width=\"225\" height=\"225\" srcset=\"https:\/\/deeva.website\/wp-content\/uploads\/2025\/04\/images-61.jpg 225w, https:\/\/deeva.website\/wp-content\/uploads\/2025\/04\/images-61-150x150.jpg 150w, https:\/\/deeva.website\/wp-content\/uploads\/2025\/04\/images-61-100x100.jpg 100w, https:\/\/deeva.website\/wp-content\/uploads\/2025\/04\/images-61-24x24.jpg 24w, https:\/\/deeva.website\/wp-content\/uploads\/2025\/04\/images-61-48x48.jpg 48w, https:\/\/deeva.website\/wp-content\/uploads\/2025\/04\/images-61-96x96.jpg 96w\" sizes=\"(max-width: 225px) 100vw, 225px\" \/><\/p>\n","protected":false},"featured_media":4760,"comment_status":"open","ping_status":"closed","template":"","meta":[],"product_cat":[81],"product_tag":[],"_links":{"self":[{"href":"https:\/\/deeva.website\/fr-tn\/wp-json\/wp\/v2\/product\/4757"}],"collection":[{"href":"https:\/\/deeva.website\/fr-tn\/wp-json\/wp\/v2\/product"}],"about":[{"href":"https:\/\/deeva.website\/fr-tn\/wp-json\/wp\/v2\/types\/product"}],"replies":[{"embeddable":true,"href":"https:\/\/deeva.website\/fr-tn\/wp-json\/wp\/v2\/comments?post=4757"}],"version-history":[{"count":1,"href":"https:\/\/deeva.website\/fr-tn\/wp-json\/wp\/v2\/product\/4757\/revisions"}],"predecessor-version":[{"id":4764,"href":"https:\/\/deeva.website\/fr-tn\/wp-json\/wp\/v2\/product\/4757\/revisions\/4764"}],"wp:featuredmedia":[{"embeddable":true,"href":"https:\/\/deeva.website\/fr-tn\/wp-json\/wp\/v2\/media\/4760"}],"wp:attachment":[{"href":"https:\/\/deeva.website\/fr-tn\/wp-json\/wp\/v2\/media?parent=4757"}],"wp:term":[{"taxonomy":"product_cat","embeddable":true,"href":"https:\/\/deeva.website\/fr-tn\/wp-json\/wp\/v2\/product_cat?post=4757"},{"taxonomy":"product_tag","embeddable":true,"href":"https:\/\/deeva.website\/fr-tn\/wp-json\/wp\/v2\/product_tag?post=4757"}],"curies":[{"name":"wp","href":"https:\/\/api.w.org\/{rel}","templated":true}]}}