{"id":4749,"date":"2025-04-20T18:45:03","date_gmt":"2025-04-20T16:45:03","guid":{"rendered":"https:\/\/deeva.website\/?post_type=product&#038;p=4749"},"modified":"2025-04-20T18:45:03","modified_gmt":"2025-04-20T16:45:03","slug":"lattafa-ana-abiyedh-poudree","status":"publish","type":"product","link":"https:\/\/deeva.website\/fr-tn\/produit\/lattafa-ana-abiyedh-poudree\/","title":{"rendered":"Lattafa Ana Abiyedh Poudr\u00e9e"},"content":{"rendered":"<p><strong>Ana Abiyedh Poudr\u00e9e 60ml<\/strong> de <em>Lattafa Perfumes<\/em> est un eau de parfum Floral pour femme.<\/p>\n<p>Les notes de t\u00eate sont Fleur d&#8217;oranger, Rose et Jasmin; la note de c\u0153ur est Musc; les notes de fond sont Vanille, F\u00e8ve de tonka, C\u00e8dre, V\u00e9tiver et Patchouli.<\/p>\n<p><img fetchpriority=\"high\" decoding=\"async\" class=\"alignnone size-full wp-image-4750\" src=\"http:\/\/deeva.website\/wp-content\/uploads\/2025\/04\/images-59.jpg\" alt=\"\" width=\"208\" height=\"242\" \/> <img decoding=\"async\" class=\"alignnone size-medium wp-image-4754\" src=\"http:\/\/deeva.website\/wp-content\/uploads\/2025\/04\/Capture17-262x300.png\" alt=\"\" width=\"262\" height=\"300\" srcset=\"https:\/\/deeva.website\/wp-content\/uploads\/2025\/04\/Capture17-262x300.png 262w, https:\/\/deeva.website\/wp-content\/uploads\/2025\/04\/Capture17.png 382w\" sizes=\"(max-width: 262px) 100vw, 262px\" \/><\/p>\n","protected":false},"excerpt":{"rendered":"<p><strong>Ana Abiyedh Poudr\u00e9e 60ml<\/strong> de <em>Lattafa Perfumes<\/em> est un eau de parfum Floral pour femme.<\/p>\n<p>Les notes de t\u00eate sont Fleur d&#8217;oranger, Rose et Jasmin; la note de c\u0153ur est Musc; les notes de fond sont Vanille, F\u00e8ve de tonka, C\u00e8dre, V\u00e9tiver et Patchouli.<\/p>\n<p><img fetchpriority=\"high\" decoding=\"async\" class=\"alignnone size-full wp-image-4750\" src=\"http:\/\/deeva.website\/wp-content\/uploads\/2025\/04\/images-59.jpg\" alt=\"\" width=\"208\" height=\"242\" \/> <img decoding=\"async\" class=\"alignnone size-medium wp-image-4754\" src=\"http:\/\/deeva.website\/wp-content\/uploads\/2025\/04\/Capture17-262x300.png\" alt=\"\" width=\"262\" height=\"300\" srcset=\"https:\/\/deeva.website\/wp-content\/uploads\/2025\/04\/Capture17-262x300.png 262w, https:\/\/deeva.website\/wp-content\/uploads\/2025\/04\/Capture17.png 382w\" sizes=\"(max-width: 262px) 100vw, 262px\" \/><\/p>\n","protected":false},"featured_media":4752,"comment_status":"open","ping_status":"closed","template":"","meta":[],"product_cat":[81],"product_tag":[],"_links":{"self":[{"href":"https:\/\/deeva.website\/fr-tn\/wp-json\/wp\/v2\/product\/4749"}],"collection":[{"href":"https:\/\/deeva.website\/fr-tn\/wp-json\/wp\/v2\/product"}],"about":[{"href":"https:\/\/deeva.website\/fr-tn\/wp-json\/wp\/v2\/types\/product"}],"replies":[{"embeddable":true,"href":"https:\/\/deeva.website\/fr-tn\/wp-json\/wp\/v2\/comments?post=4749"}],"version-history":[{"count":1,"href":"https:\/\/deeva.website\/fr-tn\/wp-json\/wp\/v2\/product\/4749\/revisions"}],"predecessor-version":[{"id":4756,"href":"https:\/\/deeva.website\/fr-tn\/wp-json\/wp\/v2\/product\/4749\/revisions\/4756"}],"wp:featuredmedia":[{"embeddable":true,"href":"https:\/\/deeva.website\/fr-tn\/wp-json\/wp\/v2\/media\/4752"}],"wp:attachment":[{"href":"https:\/\/deeva.website\/fr-tn\/wp-json\/wp\/v2\/media?parent=4749"}],"wp:term":[{"taxonomy":"product_cat","embeddable":true,"href":"https:\/\/deeva.website\/fr-tn\/wp-json\/wp\/v2\/product_cat?post=4749"},{"taxonomy":"product_tag","embeddable":true,"href":"https:\/\/deeva.website\/fr-tn\/wp-json\/wp\/v2\/product_tag?post=4749"}],"curies":[{"name":"wp","href":"https:\/\/api.w.org\/{rel}","templated":true}]}}