{"id":4741,"date":"2025-04-20T18:39:56","date_gmt":"2025-04-20T16:39:56","guid":{"rendered":"https:\/\/deeva.website\/?post_type=product&#038;p=4741"},"modified":"2025-04-20T18:39:56","modified_gmt":"2025-04-20T16:39:56","slug":"lattafa-ana-abiyedh-rouge","status":"publish","type":"product","link":"https:\/\/deeva.website\/fr-tn\/produit\/lattafa-ana-abiyedh-rouge\/","title":{"rendered":"Lattafa Ana Abiyedh Rouge"},"content":{"rendered":"<p><strong>Ana Abiyedh Rouge 60ml<\/strong> de <em>Lattafa Perfumes<\/em> est un parfum Bois\u00e9 \u00c9pic\u00e9 pour homme et femme.<\/p>\n<p><span style=\"letter-spacing: 0px;\">Les notes de t\u00eate sont Poire Nashi, Kumquat et Bergamote; les notes de <\/span>c\u0153ur<span style=\"letter-spacing: 0px;\"> sont Caramel et G\u00e9ranium; les notes de fond sont Ambre gris, Musc et Mousse de ch\u00eane.<\/span><\/p>\n<p><img fetchpriority=\"high\" decoding=\"async\" class=\"alignnone size-medium wp-image-4746\" src=\"http:\/\/deeva.website\/wp-content\/uploads\/2025\/04\/Capture16-228x300.png\" alt=\"\" width=\"228\" height=\"300\" srcset=\"https:\/\/deeva.website\/wp-content\/uploads\/2025\/04\/Capture16-228x300.png 228w, https:\/\/deeva.website\/wp-content\/uploads\/2025\/04\/Capture16.png 363w\" sizes=\"(max-width: 228px) 100vw, 228px\" \/> <img decoding=\"async\" class=\"alignnone size-medium wp-image-4742\" src=\"http:\/\/deeva.website\/wp-content\/uploads\/2025\/04\/41nI3dq5hpL._AC_UF8941000_QL80_-107x300.jpg\" alt=\"\" width=\"107\" height=\"300\" srcset=\"https:\/\/deeva.website\/wp-content\/uploads\/2025\/04\/41nI3dq5hpL._AC_UF8941000_QL80_-107x300.jpg 107w, https:\/\/deeva.website\/wp-content\/uploads\/2025\/04\/41nI3dq5hpL._AC_UF8941000_QL80_.jpg 357w\" sizes=\"(max-width: 107px) 100vw, 107px\" \/><\/p>\n","protected":false},"excerpt":{"rendered":"<p><strong>Ana Abiyedh Rouge 60ml<\/strong> de <em>Lattafa Perfumes<\/em> est un parfum Bois\u00e9 \u00c9pic\u00e9 pour homme et femme.<\/p>\n<p><span style=\"letter-spacing: 0px;\">Les notes de t\u00eate sont Poire Nashi, Kumquat et Bergamote; les notes de <\/span>c\u0153ur<span style=\"letter-spacing: 0px;\"> sont Caramel et G\u00e9ranium; les notes de fond sont Ambre gris, Musc et Mousse de ch\u00eane.<\/span><\/p>\n<p><img fetchpriority=\"high\" decoding=\"async\" class=\"alignnone size-medium wp-image-4746\" src=\"http:\/\/deeva.website\/wp-content\/uploads\/2025\/04\/Capture16-228x300.png\" alt=\"\" width=\"228\" height=\"300\" srcset=\"https:\/\/deeva.website\/wp-content\/uploads\/2025\/04\/Capture16-228x300.png 228w, https:\/\/deeva.website\/wp-content\/uploads\/2025\/04\/Capture16.png 363w\" sizes=\"(max-width: 228px) 100vw, 228px\" \/> <img decoding=\"async\" class=\"alignnone size-medium wp-image-4742\" src=\"http:\/\/deeva.website\/wp-content\/uploads\/2025\/04\/41nI3dq5hpL._AC_UF8941000_QL80_-107x300.jpg\" alt=\"\" width=\"107\" height=\"300\" srcset=\"https:\/\/deeva.website\/wp-content\/uploads\/2025\/04\/41nI3dq5hpL._AC_UF8941000_QL80_-107x300.jpg 107w, https:\/\/deeva.website\/wp-content\/uploads\/2025\/04\/41nI3dq5hpL._AC_UF8941000_QL80_.jpg 357w\" sizes=\"(max-width: 107px) 100vw, 107px\" \/><\/p>\n","protected":false},"featured_media":4744,"comment_status":"open","ping_status":"closed","template":"","meta":[],"product_cat":[81,71],"product_tag":[],"_links":{"self":[{"href":"https:\/\/deeva.website\/fr-tn\/wp-json\/wp\/v2\/product\/4741"}],"collection":[{"href":"https:\/\/deeva.website\/fr-tn\/wp-json\/wp\/v2\/product"}],"about":[{"href":"https:\/\/deeva.website\/fr-tn\/wp-json\/wp\/v2\/types\/product"}],"replies":[{"embeddable":true,"href":"https:\/\/deeva.website\/fr-tn\/wp-json\/wp\/v2\/comments?post=4741"}],"version-history":[{"count":1,"href":"https:\/\/deeva.website\/fr-tn\/wp-json\/wp\/v2\/product\/4741\/revisions"}],"predecessor-version":[{"id":4748,"href":"https:\/\/deeva.website\/fr-tn\/wp-json\/wp\/v2\/product\/4741\/revisions\/4748"}],"wp:featuredmedia":[{"embeddable":true,"href":"https:\/\/deeva.website\/fr-tn\/wp-json\/wp\/v2\/media\/4744"}],"wp:attachment":[{"href":"https:\/\/deeva.website\/fr-tn\/wp-json\/wp\/v2\/media?parent=4741"}],"wp:term":[{"taxonomy":"product_cat","embeddable":true,"href":"https:\/\/deeva.website\/fr-tn\/wp-json\/wp\/v2\/product_cat?post=4741"},{"taxonomy":"product_tag","embeddable":true,"href":"https:\/\/deeva.website\/fr-tn\/wp-json\/wp\/v2\/product_tag?post=4741"}],"curies":[{"name":"wp","href":"https:\/\/api.w.org\/{rel}","templated":true}]}}