{"id":4721,"date":"2025-04-20T18:16:49","date_gmt":"2025-04-20T16:16:49","guid":{"rendered":"https:\/\/deeva.website\/?post_type=product&#038;p=4721"},"modified":"2025-05-12T21:49:08","modified_gmt":"2025-05-12T19:49:08","slug":"ameerat-al-arab-prive-rose-asdaaf","status":"publish","type":"product","link":"https:\/\/deeva.website\/fr-tn\/produit\/ameerat-al-arab-prive-rose-asdaaf\/","title":{"rendered":"Ameerat Al Arab Prive Rose Asdaaf"},"content":{"rendered":"<p><strong>Ameerat Al Arab Prive Rose 100ml<\/strong> de <em>Asdaaf<\/em> est un parfum Floral fruit\u00e9 pour femme. Les notes de t\u00eate sont Fraise, Raisin et Orange; les notes de c\u0153ur sont Rose, Musc blanc, Jasmin, Gard\u00e9nia, Ylang-ylang et Lys; les notes de fond sont F\u00e8ve de tonka, Ambre et Bois de santal.<\/p>\n<p><img fetchpriority=\"high\" decoding=\"async\" class=\"alignnone size-medium wp-image-4726\" src=\"http:\/\/deeva.website\/wp-content\/uploads\/2025\/04\/Capture13-252x300.png\" alt=\"\" width=\"252\" height=\"300\" srcset=\"https:\/\/deeva.website\/wp-content\/uploads\/2025\/04\/Capture13-252x300.png 252w, https:\/\/deeva.website\/wp-content\/uploads\/2025\/04\/Capture13.png 403w\" sizes=\"(max-width: 252px) 100vw, 252px\" \/><img decoding=\"async\" class=\"alignnone size-medium wp-image-4728\" src=\"http:\/\/deeva.website\/wp-content\/uploads\/2025\/04\/Capture14-209x300.png\" alt=\"\" width=\"209\" height=\"300\" srcset=\"https:\/\/deeva.website\/wp-content\/uploads\/2025\/04\/Capture14-209x300.png 209w, https:\/\/deeva.website\/wp-content\/uploads\/2025\/04\/Capture14.png 370w\" sizes=\"(max-width: 209px) 100vw, 209px\" \/><\/p>\n","protected":false},"excerpt":{"rendered":"<p><strong>Ameerat Al Arab Prive Rose 100ml<\/strong> de <em>Asdaaf<\/em> est un parfum Floral fruit\u00e9 pour femme. Les notes de t\u00eate sont Fraise, Raisin et Orange; les notes de c\u0153ur sont Rose, Musc blanc, Jasmin, Gard\u00e9nia, Ylang-ylang et Lys; les notes de fond sont F\u00e8ve de tonka, Ambre et Bois de santal.<\/p>\n<p><img fetchpriority=\"high\" decoding=\"async\" class=\"alignnone size-medium wp-image-4726\" src=\"http:\/\/deeva.website\/wp-content\/uploads\/2025\/04\/Capture13-252x300.png\" alt=\"\" width=\"252\" height=\"300\" srcset=\"https:\/\/deeva.website\/wp-content\/uploads\/2025\/04\/Capture13-252x300.png 252w, https:\/\/deeva.website\/wp-content\/uploads\/2025\/04\/Capture13.png 403w\" sizes=\"(max-width: 252px) 100vw, 252px\" \/><img decoding=\"async\" class=\"alignnone size-medium wp-image-4728\" src=\"http:\/\/deeva.website\/wp-content\/uploads\/2025\/04\/Capture14-209x300.png\" alt=\"\" width=\"209\" height=\"300\" srcset=\"https:\/\/deeva.website\/wp-content\/uploads\/2025\/04\/Capture14-209x300.png 209w, https:\/\/deeva.website\/wp-content\/uploads\/2025\/04\/Capture14.png 370w\" sizes=\"(max-width: 209px) 100vw, 209px\" \/><\/p>\n","protected":false},"featured_media":4722,"comment_status":"open","ping_status":"closed","template":"","meta":[],"product_cat":[81],"product_tag":[],"_links":{"self":[{"href":"https:\/\/deeva.website\/fr-tn\/wp-json\/wp\/v2\/product\/4721"}],"collection":[{"href":"https:\/\/deeva.website\/fr-tn\/wp-json\/wp\/v2\/product"}],"about":[{"href":"https:\/\/deeva.website\/fr-tn\/wp-json\/wp\/v2\/types\/product"}],"replies":[{"embeddable":true,"href":"https:\/\/deeva.website\/fr-tn\/wp-json\/wp\/v2\/comments?post=4721"}],"version-history":[{"count":1,"href":"https:\/\/deeva.website\/fr-tn\/wp-json\/wp\/v2\/product\/4721\/revisions"}],"predecessor-version":[{"id":4730,"href":"https:\/\/deeva.website\/fr-tn\/wp-json\/wp\/v2\/product\/4721\/revisions\/4730"}],"wp:featuredmedia":[{"embeddable":true,"href":"https:\/\/deeva.website\/fr-tn\/wp-json\/wp\/v2\/media\/4722"}],"wp:attachment":[{"href":"https:\/\/deeva.website\/fr-tn\/wp-json\/wp\/v2\/media?parent=4721"}],"wp:term":[{"taxonomy":"product_cat","embeddable":true,"href":"https:\/\/deeva.website\/fr-tn\/wp-json\/wp\/v2\/product_cat?post=4721"},{"taxonomy":"product_tag","embeddable":true,"href":"https:\/\/deeva.website\/fr-tn\/wp-json\/wp\/v2\/product_tag?post=4721"}],"curies":[{"name":"wp","href":"https:\/\/api.w.org\/{rel}","templated":true}]}}