{"id":4707,"date":"2025-04-20T18:07:39","date_gmt":"2025-04-20T16:07:39","guid":{"rendered":"https:\/\/deeva.website\/?post_type=product&#038;p=4707"},"modified":"2025-05-12T21:49:30","modified_gmt":"2025-05-12T19:49:30","slug":"ameerat-al-arab-asdaaf","status":"publish","type":"product","link":"https:\/\/deeva.website\/fr-tn\/produit\/ameerat-al-arab-asdaaf\/","title":{"rendered":"Ameerat Al Arab Asdaaf"},"content":{"rendered":"<p><strong>Ameerat Al Arab 100ml<\/strong> de <em>Asdaaf<\/em> est un parfum Floral pour femme.<\/p>\n<p>Les notes de t\u00eate sont Agrumes et Bergamote; les notes de c\u0153ur sont Musc blanc et Alo\u00e9 vera; les notes de fond sont Jasmin, Musc, Notes bois\u00e9es et Oud.<\/p>\n<p><img fetchpriority=\"high\" decoding=\"async\" class=\"alignnone size-medium wp-image-4708\" src=\"http:\/\/deeva.website\/wp-content\/uploads\/2025\/04\/Capture11-282x300.png\" alt=\"\" width=\"282\" height=\"300\" srcset=\"https:\/\/deeva.website\/wp-content\/uploads\/2025\/04\/Capture11-282x300.png 282w, https:\/\/deeva.website\/wp-content\/uploads\/2025\/04\/Capture11.png 397w\" sizes=\"(max-width: 282px) 100vw, 282px\" \/> <img decoding=\"async\" class=\"alignnone size-medium wp-image-4716\" src=\"http:\/\/deeva.website\/wp-content\/uploads\/2025\/04\/Capture12-273x300.png\" alt=\"\" width=\"273\" height=\"300\" srcset=\"https:\/\/deeva.website\/wp-content\/uploads\/2025\/04\/Capture12-273x300.png 273w, https:\/\/deeva.website\/wp-content\/uploads\/2025\/04\/Capture12.png 373w\" sizes=\"(max-width: 273px) 100vw, 273px\" \/><\/p>\n","protected":false},"excerpt":{"rendered":"<p><strong>Ameerat Al Arab 100ml<\/strong> de <em>Asdaaf<\/em> est un parfum Floral pour femme.<\/p>\n<p>Les notes de t\u00eate sont Agrumes et Bergamote; les notes de c\u0153ur sont Musc blanc et Alo\u00e9 vera; les notes de fond sont Jasmin, Musc, Notes bois\u00e9es et Oud.<\/p>\n<p><img fetchpriority=\"high\" decoding=\"async\" class=\"alignnone size-medium wp-image-4708\" src=\"http:\/\/deeva.website\/wp-content\/uploads\/2025\/04\/Capture11-282x300.png\" alt=\"\" width=\"282\" height=\"300\" srcset=\"https:\/\/deeva.website\/wp-content\/uploads\/2025\/04\/Capture11-282x300.png 282w, https:\/\/deeva.website\/wp-content\/uploads\/2025\/04\/Capture11.png 397w\" sizes=\"(max-width: 282px) 100vw, 282px\" \/> <img decoding=\"async\" class=\"alignnone size-medium wp-image-4716\" src=\"http:\/\/deeva.website\/wp-content\/uploads\/2025\/04\/Capture12-273x300.png\" alt=\"\" width=\"273\" height=\"300\" srcset=\"https:\/\/deeva.website\/wp-content\/uploads\/2025\/04\/Capture12-273x300.png 273w, https:\/\/deeva.website\/wp-content\/uploads\/2025\/04\/Capture12.png 373w\" sizes=\"(max-width: 273px) 100vw, 273px\" \/><\/p>\n","protected":false},"featured_media":4712,"comment_status":"open","ping_status":"closed","template":"","meta":[],"product_cat":[81],"product_tag":[],"_links":{"self":[{"href":"https:\/\/deeva.website\/fr-tn\/wp-json\/wp\/v2\/product\/4707"}],"collection":[{"href":"https:\/\/deeva.website\/fr-tn\/wp-json\/wp\/v2\/product"}],"about":[{"href":"https:\/\/deeva.website\/fr-tn\/wp-json\/wp\/v2\/types\/product"}],"replies":[{"embeddable":true,"href":"https:\/\/deeva.website\/fr-tn\/wp-json\/wp\/v2\/comments?post=4707"}],"version-history":[{"count":3,"href":"https:\/\/deeva.website\/fr-tn\/wp-json\/wp\/v2\/product\/4707\/revisions"}],"predecessor-version":[{"id":4720,"href":"https:\/\/deeva.website\/fr-tn\/wp-json\/wp\/v2\/product\/4707\/revisions\/4720"}],"wp:featuredmedia":[{"embeddable":true,"href":"https:\/\/deeva.website\/fr-tn\/wp-json\/wp\/v2\/media\/4712"}],"wp:attachment":[{"href":"https:\/\/deeva.website\/fr-tn\/wp-json\/wp\/v2\/media?parent=4707"}],"wp:term":[{"taxonomy":"product_cat","embeddable":true,"href":"https:\/\/deeva.website\/fr-tn\/wp-json\/wp\/v2\/product_cat?post=4707"},{"taxonomy":"product_tag","embeddable":true,"href":"https:\/\/deeva.website\/fr-tn\/wp-json\/wp\/v2\/product_tag?post=4707"}],"curies":[{"name":"wp","href":"https:\/\/api.w.org\/{rel}","templated":true}]}}