{"id":4697,"date":"2025-04-20T17:46:09","date_gmt":"2025-04-20T15:46:09","guid":{"rendered":"https:\/\/deeva.website\/?post_type=product&#038;p=4697"},"modified":"2025-04-20T17:46:09","modified_gmt":"2025-04-20T15:46:09","slug":"pepe-jeans-cocktail-edition-for-him-travel-set","status":"publish","type":"product","link":"https:\/\/deeva.website\/fr-tn\/produit\/pepe-jeans-cocktail-edition-for-him-travel-set\/","title":{"rendered":"Pepe Jeans Cocktail Edition For Him Travel Set"},"content":{"rendered":"<p><strong>Pepe Jeans Cocktail Edition For Him<\/strong> <strong>Travel Set<\/strong>\u00a0 Fragance Citronn\u00e9, Bois\u00e9 et \u00c9pic\u00e9 Homme<\/p>\n<p>Ce coffret est compos\u00e9 de :<\/p>\n<p>Une Eau de Toilette 30ml<\/p>\n<p>Gel Douche 50ml<\/p>\n<p>Apr\u00e8s-Rasage 50ml<\/p>\n<p><img fetchpriority=\"high\" decoding=\"async\" class=\"alignnone size-full wp-image-4704\" src=\"http:\/\/deeva.website\/wp-content\/uploads\/2025\/04\/images-53.jpg\" alt=\"\" width=\"225\" height=\"225\" srcset=\"https:\/\/deeva.website\/wp-content\/uploads\/2025\/04\/images-53.jpg 225w, https:\/\/deeva.website\/wp-content\/uploads\/2025\/04\/images-53-150x150.jpg 150w, https:\/\/deeva.website\/wp-content\/uploads\/2025\/04\/images-53-100x100.jpg 100w, https:\/\/deeva.website\/wp-content\/uploads\/2025\/04\/images-53-24x24.jpg 24w, https:\/\/deeva.website\/wp-content\/uploads\/2025\/04\/images-53-48x48.jpg 48w, https:\/\/deeva.website\/wp-content\/uploads\/2025\/04\/images-53-96x96.jpg 96w\" sizes=\"(max-width: 225px) 100vw, 225px\" \/><img decoding=\"async\" class=\"alignnone size-medium wp-image-4698\" src=\"http:\/\/deeva.website\/wp-content\/uploads\/2025\/04\/51gEkeHsTL-300x300.jpg\" alt=\"\" width=\"300\" height=\"300\" srcset=\"https:\/\/deeva.website\/wp-content\/uploads\/2025\/04\/51gEkeHsTL-300x300.jpg 300w, https:\/\/deeva.website\/wp-content\/uploads\/2025\/04\/51gEkeHsTL-150x150.jpg 150w, https:\/\/deeva.website\/wp-content\/uploads\/2025\/04\/51gEkeHsTL-768x768.jpg 768w, https:\/\/deeva.website\/wp-content\/uploads\/2025\/04\/51gEkeHsTL-400x400.jpg 400w, https:\/\/deeva.website\/wp-content\/uploads\/2025\/04\/51gEkeHsTL-600x600.jpg 600w, https:\/\/deeva.website\/wp-content\/uploads\/2025\/04\/51gEkeHsTL-100x100.jpg 100w, https:\/\/deeva.website\/wp-content\/uploads\/2025\/04\/51gEkeHsTL-24x24.jpg 24w, https:\/\/deeva.website\/wp-content\/uploads\/2025\/04\/51gEkeHsTL-48x48.jpg 48w, https:\/\/deeva.website\/wp-content\/uploads\/2025\/04\/51gEkeHsTL-96x96.jpg 96w, https:\/\/deeva.website\/wp-content\/uploads\/2025\/04\/51gEkeHsTL.jpg 1000w\" sizes=\"(max-width: 300px) 100vw, 300px\" \/><\/p>\n","protected":false},"excerpt":{"rendered":"<p><strong>Pepe Jeans Cocktail Edition For Him<\/strong> <strong>Travel Set<\/strong>\u00a0 Fragance Citronn\u00e9, Bois\u00e9 et \u00c9pic\u00e9 Homme<\/p>\n<p>Ce coffret est compos\u00e9 de :<\/p>\n<p>Une Eau de Toilette 30ml<\/p>\n<p>Gel Douche 50ml<\/p>\n<p>Apr\u00e8s-Rasage 50ml<\/p>\n<p><img fetchpriority=\"high\" decoding=\"async\" class=\"alignnone size-full wp-image-4704\" src=\"http:\/\/deeva.website\/wp-content\/uploads\/2025\/04\/images-53.jpg\" alt=\"\" width=\"225\" height=\"225\" srcset=\"https:\/\/deeva.website\/wp-content\/uploads\/2025\/04\/images-53.jpg 225w, https:\/\/deeva.website\/wp-content\/uploads\/2025\/04\/images-53-150x150.jpg 150w, https:\/\/deeva.website\/wp-content\/uploads\/2025\/04\/images-53-100x100.jpg 100w, https:\/\/deeva.website\/wp-content\/uploads\/2025\/04\/images-53-24x24.jpg 24w, https:\/\/deeva.website\/wp-content\/uploads\/2025\/04\/images-53-48x48.jpg 48w, https:\/\/deeva.website\/wp-content\/uploads\/2025\/04\/images-53-96x96.jpg 96w\" sizes=\"(max-width: 225px) 100vw, 225px\" \/><img decoding=\"async\" class=\"alignnone size-medium wp-image-4698\" src=\"http:\/\/deeva.website\/wp-content\/uploads\/2025\/04\/51gEkeHsTL-300x300.jpg\" alt=\"\" width=\"300\" height=\"300\" srcset=\"https:\/\/deeva.website\/wp-content\/uploads\/2025\/04\/51gEkeHsTL-300x300.jpg 300w, https:\/\/deeva.website\/wp-content\/uploads\/2025\/04\/51gEkeHsTL-150x150.jpg 150w, https:\/\/deeva.website\/wp-content\/uploads\/2025\/04\/51gEkeHsTL-768x768.jpg 768w, https:\/\/deeva.website\/wp-content\/uploads\/2025\/04\/51gEkeHsTL-400x400.jpg 400w, https:\/\/deeva.website\/wp-content\/uploads\/2025\/04\/51gEkeHsTL-600x600.jpg 600w, https:\/\/deeva.website\/wp-content\/uploads\/2025\/04\/51gEkeHsTL-100x100.jpg 100w, https:\/\/deeva.website\/wp-content\/uploads\/2025\/04\/51gEkeHsTL-24x24.jpg 24w, https:\/\/deeva.website\/wp-content\/uploads\/2025\/04\/51gEkeHsTL-48x48.jpg 48w, https:\/\/deeva.website\/wp-content\/uploads\/2025\/04\/51gEkeHsTL-96x96.jpg 96w, https:\/\/deeva.website\/wp-content\/uploads\/2025\/04\/51gEkeHsTL.jpg 1000w\" sizes=\"(max-width: 300px) 100vw, 300px\" \/><\/p>\n","protected":false},"featured_media":4700,"comment_status":"open","ping_status":"closed","template":"","meta":[],"product_cat":[47,87],"product_tag":[],"_links":{"self":[{"href":"https:\/\/deeva.website\/fr-tn\/wp-json\/wp\/v2\/product\/4697"}],"collection":[{"href":"https:\/\/deeva.website\/fr-tn\/wp-json\/wp\/v2\/product"}],"about":[{"href":"https:\/\/deeva.website\/fr-tn\/wp-json\/wp\/v2\/types\/product"}],"replies":[{"embeddable":true,"href":"https:\/\/deeva.website\/fr-tn\/wp-json\/wp\/v2\/comments?post=4697"}],"version-history":[{"count":1,"href":"https:\/\/deeva.website\/fr-tn\/wp-json\/wp\/v2\/product\/4697\/revisions"}],"predecessor-version":[{"id":4706,"href":"https:\/\/deeva.website\/fr-tn\/wp-json\/wp\/v2\/product\/4697\/revisions\/4706"}],"wp:featuredmedia":[{"embeddable":true,"href":"https:\/\/deeva.website\/fr-tn\/wp-json\/wp\/v2\/media\/4700"}],"wp:attachment":[{"href":"https:\/\/deeva.website\/fr-tn\/wp-json\/wp\/v2\/media?parent=4697"}],"wp:term":[{"taxonomy":"product_cat","embeddable":true,"href":"https:\/\/deeva.website\/fr-tn\/wp-json\/wp\/v2\/product_cat?post=4697"},{"taxonomy":"product_tag","embeddable":true,"href":"https:\/\/deeva.website\/fr-tn\/wp-json\/wp\/v2\/product_tag?post=4697"}],"curies":[{"name":"wp","href":"https:\/\/api.w.org\/{rel}","templated":true}]}}