{"id":4637,"date":"2025-04-20T16:22:28","date_gmt":"2025-04-20T14:22:28","guid":{"rendered":"https:\/\/deeva.website\/?post_type=product&#038;p=4637"},"modified":"2025-04-20T16:22:28","modified_gmt":"2025-04-20T14:22:28","slug":"pepe-jeans-addictive-for-him","status":"publish","type":"product","link":"https:\/\/deeva.website\/fr-tn\/produit\/pepe-jeans-addictive-for-him\/","title":{"rendered":"Pepe Jeans Addictive For Him"},"content":{"rendered":"<p><strong>Pepe Jeans Addictive For Him 100ml<\/strong> de <em>Pepe Jeans London<\/em> est un eau de parfum pour homme. Les notes de t\u00eate sont Sauge, Pamplemousse et Cannelle; les notes de c\u0153ur sont Cuir, G\u00e9ranium et Lavande; les notes de fond sont Ambre gris, F\u00e8ve de tonka et Mousse de ch\u00eane.<\/p>\n<p><img fetchpriority=\"high\" decoding=\"async\" class=\"alignnone size-medium wp-image-4640\" src=\"http:\/\/deeva.website\/wp-content\/uploads\/2025\/04\/Capture10-251x300.png\" alt=\"\" width=\"251\" height=\"300\" srcset=\"https:\/\/deeva.website\/wp-content\/uploads\/2025\/04\/Capture10-251x300.png 251w, https:\/\/deeva.website\/wp-content\/uploads\/2025\/04\/Capture10.png 399w\" sizes=\"(max-width: 251px) 100vw, 251px\" \/> <img decoding=\"async\" class=\"alignnone size-medium wp-image-4638\" src=\"http:\/\/deeva.website\/wp-content\/uploads\/2025\/04\/61w1TRaqdZL._AC_UF350350_QL80_-300x300.jpg\" alt=\"\" width=\"300\" height=\"300\" srcset=\"https:\/\/deeva.website\/wp-content\/uploads\/2025\/04\/61w1TRaqdZL._AC_UF350350_QL80_-300x300.jpg 300w, https:\/\/deeva.website\/wp-content\/uploads\/2025\/04\/61w1TRaqdZL._AC_UF350350_QL80_-150x150.jpg 150w, https:\/\/deeva.website\/wp-content\/uploads\/2025\/04\/61w1TRaqdZL._AC_UF350350_QL80_-100x100.jpg 100w, https:\/\/deeva.website\/wp-content\/uploads\/2025\/04\/61w1TRaqdZL._AC_UF350350_QL80_-24x24.jpg 24w, https:\/\/deeva.website\/wp-content\/uploads\/2025\/04\/61w1TRaqdZL._AC_UF350350_QL80_-48x48.jpg 48w, https:\/\/deeva.website\/wp-content\/uploads\/2025\/04\/61w1TRaqdZL._AC_UF350350_QL80_-96x96.jpg 96w, https:\/\/deeva.website\/wp-content\/uploads\/2025\/04\/61w1TRaqdZL._AC_UF350350_QL80_.jpg 350w\" sizes=\"(max-width: 300px) 100vw, 300px\" \/><\/p>\n","protected":false},"excerpt":{"rendered":"<p><strong>Pepe Jeans Addictive For Him 100ml<\/strong> de <em>Pepe Jeans London<\/em> est un eau de parfum pour homme. Les notes de t\u00eate sont Sauge, Pamplemousse et Cannelle; les notes de c\u0153ur sont Cuir, G\u00e9ranium et Lavande; les notes de fond sont Ambre gris, F\u00e8ve de tonka et Mousse de ch\u00eane.<\/p>\n<p><img fetchpriority=\"high\" decoding=\"async\" class=\"alignnone size-medium wp-image-4640\" src=\"http:\/\/deeva.website\/wp-content\/uploads\/2025\/04\/Capture10-251x300.png\" alt=\"\" width=\"251\" height=\"300\" srcset=\"https:\/\/deeva.website\/wp-content\/uploads\/2025\/04\/Capture10-251x300.png 251w, https:\/\/deeva.website\/wp-content\/uploads\/2025\/04\/Capture10.png 399w\" sizes=\"(max-width: 251px) 100vw, 251px\" \/> <img decoding=\"async\" class=\"alignnone size-medium wp-image-4638\" src=\"http:\/\/deeva.website\/wp-content\/uploads\/2025\/04\/61w1TRaqdZL._AC_UF350350_QL80_-300x300.jpg\" alt=\"\" width=\"300\" height=\"300\" srcset=\"https:\/\/deeva.website\/wp-content\/uploads\/2025\/04\/61w1TRaqdZL._AC_UF350350_QL80_-300x300.jpg 300w, https:\/\/deeva.website\/wp-content\/uploads\/2025\/04\/61w1TRaqdZL._AC_UF350350_QL80_-150x150.jpg 150w, https:\/\/deeva.website\/wp-content\/uploads\/2025\/04\/61w1TRaqdZL._AC_UF350350_QL80_-100x100.jpg 100w, https:\/\/deeva.website\/wp-content\/uploads\/2025\/04\/61w1TRaqdZL._AC_UF350350_QL80_-24x24.jpg 24w, https:\/\/deeva.website\/wp-content\/uploads\/2025\/04\/61w1TRaqdZL._AC_UF350350_QL80_-48x48.jpg 48w, https:\/\/deeva.website\/wp-content\/uploads\/2025\/04\/61w1TRaqdZL._AC_UF350350_QL80_-96x96.jpg 96w, https:\/\/deeva.website\/wp-content\/uploads\/2025\/04\/61w1TRaqdZL._AC_UF350350_QL80_.jpg 350w\" sizes=\"(max-width: 300px) 100vw, 300px\" \/><\/p>\n","protected":false},"featured_media":4642,"comment_status":"open","ping_status":"closed","template":"","meta":[],"product_cat":[71],"product_tag":[],"_links":{"self":[{"href":"https:\/\/deeva.website\/fr-tn\/wp-json\/wp\/v2\/product\/4637"}],"collection":[{"href":"https:\/\/deeva.website\/fr-tn\/wp-json\/wp\/v2\/product"}],"about":[{"href":"https:\/\/deeva.website\/fr-tn\/wp-json\/wp\/v2\/types\/product"}],"replies":[{"embeddable":true,"href":"https:\/\/deeva.website\/fr-tn\/wp-json\/wp\/v2\/comments?post=4637"}],"version-history":[{"count":1,"href":"https:\/\/deeva.website\/fr-tn\/wp-json\/wp\/v2\/product\/4637\/revisions"}],"predecessor-version":[{"id":4646,"href":"https:\/\/deeva.website\/fr-tn\/wp-json\/wp\/v2\/product\/4637\/revisions\/4646"}],"wp:featuredmedia":[{"embeddable":true,"href":"https:\/\/deeva.website\/fr-tn\/wp-json\/wp\/v2\/media\/4642"}],"wp:attachment":[{"href":"https:\/\/deeva.website\/fr-tn\/wp-json\/wp\/v2\/media?parent=4637"}],"wp:term":[{"taxonomy":"product_cat","embeddable":true,"href":"https:\/\/deeva.website\/fr-tn\/wp-json\/wp\/v2\/product_cat?post=4637"},{"taxonomy":"product_tag","embeddable":true,"href":"https:\/\/deeva.website\/fr-tn\/wp-json\/wp\/v2\/product_tag?post=4637"}],"curies":[{"name":"wp","href":"https:\/\/api.w.org\/{rel}","templated":true}]}}