{"id":4623,"date":"2025-04-20T14:57:59","date_gmt":"2025-04-20T12:57:59","guid":{"rendered":"https:\/\/deeva.website\/?post_type=product&#038;p=4623"},"modified":"2025-04-20T14:57:59","modified_gmt":"2025-04-20T12:57:59","slug":"pepe-jeans-addictive-for-her","status":"publish","type":"product","link":"https:\/\/deeva.website\/fr-tn\/produit\/pepe-jeans-addictive-for-her\/","title":{"rendered":"Pepe Jeans Addictive For Her"},"content":{"rendered":"<p><strong>Pepe Jeans Addictive For Her 80ml<\/strong> de <em>Pepe Jeans London<\/em> est un eau de parfum Floral fruit\u00e9 pour femme. Les notes de t\u00eate sont Mangue, Poire et Bergamote; les notes de c\u0153ur sont Fleur d&#8217;oranger, Gard\u00e9nia et Ambre; les notes de fond sont Bois de santal, Musc et C\u00e8dre.<\/p>\n<p><img fetchpriority=\"high\" decoding=\"async\" class=\"alignnone size-medium wp-image-4624\" src=\"http:\/\/deeva.website\/wp-content\/uploads\/2025\/04\/51OAm04HNdL._AC_UF350350_QL80_-252x300.jpg\" alt=\"\" width=\"252\" height=\"300\" srcset=\"https:\/\/deeva.website\/wp-content\/uploads\/2025\/04\/51OAm04HNdL._AC_UF350350_QL80_-252x300.jpg 252w, https:\/\/deeva.website\/wp-content\/uploads\/2025\/04\/51OAm04HNdL._AC_UF350350_QL80_.jpg 294w\" sizes=\"(max-width: 252px) 100vw, 252px\" \/><img decoding=\"async\" class=\"alignnone size-medium wp-image-4634\" src=\"http:\/\/deeva.website\/wp-content\/uploads\/2025\/04\/Capture9-231x300.png\" alt=\"\" width=\"231\" height=\"300\" srcset=\"https:\/\/deeva.website\/wp-content\/uploads\/2025\/04\/Capture9-231x300.png 231w, https:\/\/deeva.website\/wp-content\/uploads\/2025\/04\/Capture9.png 376w\" sizes=\"(max-width: 231px) 100vw, 231px\" \/><\/p>\n","protected":false},"excerpt":{"rendered":"<p><strong>Pepe Jeans Addictive For Her 80ml<\/strong> de <em>Pepe Jeans London<\/em> est un eau de parfum Floral fruit\u00e9 pour femme. Les notes de t\u00eate sont Mangue, Poire et Bergamote; les notes de c\u0153ur sont Fleur d&#8217;oranger, Gard\u00e9nia et Ambre; les notes de fond sont Bois de santal, Musc et C\u00e8dre.<\/p>\n<p><img fetchpriority=\"high\" decoding=\"async\" class=\"alignnone size-medium wp-image-4624\" src=\"http:\/\/deeva.website\/wp-content\/uploads\/2025\/04\/51OAm04HNdL._AC_UF350350_QL80_-252x300.jpg\" alt=\"\" width=\"252\" height=\"300\" srcset=\"https:\/\/deeva.website\/wp-content\/uploads\/2025\/04\/51OAm04HNdL._AC_UF350350_QL80_-252x300.jpg 252w, https:\/\/deeva.website\/wp-content\/uploads\/2025\/04\/51OAm04HNdL._AC_UF350350_QL80_.jpg 294w\" sizes=\"(max-width: 252px) 100vw, 252px\" \/><img decoding=\"async\" class=\"alignnone size-medium wp-image-4634\" src=\"http:\/\/deeva.website\/wp-content\/uploads\/2025\/04\/Capture9-231x300.png\" alt=\"\" width=\"231\" height=\"300\" srcset=\"https:\/\/deeva.website\/wp-content\/uploads\/2025\/04\/Capture9-231x300.png 231w, https:\/\/deeva.website\/wp-content\/uploads\/2025\/04\/Capture9.png 376w\" sizes=\"(max-width: 231px) 100vw, 231px\" \/><\/p>\n","protected":false},"featured_media":4632,"comment_status":"open","ping_status":"closed","template":"","meta":[],"product_cat":[81],"product_tag":[],"_links":{"self":[{"href":"https:\/\/deeva.website\/fr-tn\/wp-json\/wp\/v2\/product\/4623"}],"collection":[{"href":"https:\/\/deeva.website\/fr-tn\/wp-json\/wp\/v2\/product"}],"about":[{"href":"https:\/\/deeva.website\/fr-tn\/wp-json\/wp\/v2\/types\/product"}],"replies":[{"embeddable":true,"href":"https:\/\/deeva.website\/fr-tn\/wp-json\/wp\/v2\/comments?post=4623"}],"version-history":[{"count":1,"href":"https:\/\/deeva.website\/fr-tn\/wp-json\/wp\/v2\/product\/4623\/revisions"}],"predecessor-version":[{"id":4636,"href":"https:\/\/deeva.website\/fr-tn\/wp-json\/wp\/v2\/product\/4623\/revisions\/4636"}],"wp:featuredmedia":[{"embeddable":true,"href":"https:\/\/deeva.website\/fr-tn\/wp-json\/wp\/v2\/media\/4632"}],"wp:attachment":[{"href":"https:\/\/deeva.website\/fr-tn\/wp-json\/wp\/v2\/media?parent=4623"}],"wp:term":[{"taxonomy":"product_cat","embeddable":true,"href":"https:\/\/deeva.website\/fr-tn\/wp-json\/wp\/v2\/product_cat?post=4623"},{"taxonomy":"product_tag","embeddable":true,"href":"https:\/\/deeva.website\/fr-tn\/wp-json\/wp\/v2\/product_tag?post=4623"}],"curies":[{"name":"wp","href":"https:\/\/api.w.org\/{rel}","templated":true}]}}