{"id":4599,"date":"2025-04-20T00:44:37","date_gmt":"2025-04-19T22:44:37","guid":{"rendered":"https:\/\/deeva.website\/?post_type=product&#038;p=4599"},"modified":"2025-04-20T00:44:37","modified_gmt":"2025-04-19T22:44:37","slug":"pepe-jeans-sobold","status":"publish","type":"product","link":"https:\/\/deeva.website\/fr-tn\/produit\/pepe-jeans-sobold\/","title":{"rendered":"Pepe Jeans SoBold"},"content":{"rendered":"<p><strong>SOBOLD 100ml<\/strong> de <em>Pepe Jeans London<\/em> est un eau de parfum Bois\u00e9 Aromatique pour homme. Les notes de t\u00eate sont T-Shirt accord, Bergamote et Mandarine; les notes de c\u0153ur sont Feuille de violette, Lavande et Sauge sclar\u00e9e; les notes de fond sont Cuir Blanc, F\u00e8ve de tonka, V\u00e9tiver de Ha\u00efti et Tabac.<\/p>\n<p><img fetchpriority=\"high\" decoding=\"async\" class=\"alignnone size-medium wp-image-4600\" src=\"http:\/\/deeva.website\/wp-content\/uploads\/2025\/04\/61IkO6qTiLL._AC_UF350350_QL80_-300x300.jpg\" alt=\"\" width=\"300\" height=\"300\" srcset=\"https:\/\/deeva.website\/wp-content\/uploads\/2025\/04\/61IkO6qTiLL._AC_UF350350_QL80_-300x300.jpg 300w, https:\/\/deeva.website\/wp-content\/uploads\/2025\/04\/61IkO6qTiLL._AC_UF350350_QL80_-150x150.jpg 150w, https:\/\/deeva.website\/wp-content\/uploads\/2025\/04\/61IkO6qTiLL._AC_UF350350_QL80_-100x100.jpg 100w, https:\/\/deeva.website\/wp-content\/uploads\/2025\/04\/61IkO6qTiLL._AC_UF350350_QL80_-24x24.jpg 24w, https:\/\/deeva.website\/wp-content\/uploads\/2025\/04\/61IkO6qTiLL._AC_UF350350_QL80_-48x48.jpg 48w, https:\/\/deeva.website\/wp-content\/uploads\/2025\/04\/61IkO6qTiLL._AC_UF350350_QL80_-96x96.jpg 96w, https:\/\/deeva.website\/wp-content\/uploads\/2025\/04\/61IkO6qTiLL._AC_UF350350_QL80_.jpg 350w\" sizes=\"(max-width: 300px) 100vw, 300px\" \/> <img decoding=\"async\" class=\"alignnone size-medium wp-image-4606\" src=\"http:\/\/deeva.website\/wp-content\/uploads\/2025\/04\/Capture8-261x300.png\" alt=\"\" width=\"261\" height=\"300\" srcset=\"https:\/\/deeva.website\/wp-content\/uploads\/2025\/04\/Capture8-261x300.png 261w, https:\/\/deeva.website\/wp-content\/uploads\/2025\/04\/Capture8.png 377w\" sizes=\"(max-width: 261px) 100vw, 261px\" \/><\/p>\n","protected":false},"excerpt":{"rendered":"<p><strong>SOBOLD 100ml<\/strong> de <em>Pepe Jeans London<\/em> est un eau de parfum Bois\u00e9 Aromatique pour homme. Les notes de t\u00eate sont T-Shirt accord, Bergamote et Mandarine; les notes de c\u0153ur sont Feuille de violette, Lavande et Sauge sclar\u00e9e; les notes de fond sont Cuir Blanc, F\u00e8ve de tonka, V\u00e9tiver de Ha\u00efti et Tabac.<\/p>\n<p><img fetchpriority=\"high\" decoding=\"async\" class=\"alignnone size-medium wp-image-4600\" src=\"http:\/\/deeva.website\/wp-content\/uploads\/2025\/04\/61IkO6qTiLL._AC_UF350350_QL80_-300x300.jpg\" alt=\"\" width=\"300\" height=\"300\" srcset=\"https:\/\/deeva.website\/wp-content\/uploads\/2025\/04\/61IkO6qTiLL._AC_UF350350_QL80_-300x300.jpg 300w, https:\/\/deeva.website\/wp-content\/uploads\/2025\/04\/61IkO6qTiLL._AC_UF350350_QL80_-150x150.jpg 150w, https:\/\/deeva.website\/wp-content\/uploads\/2025\/04\/61IkO6qTiLL._AC_UF350350_QL80_-100x100.jpg 100w, https:\/\/deeva.website\/wp-content\/uploads\/2025\/04\/61IkO6qTiLL._AC_UF350350_QL80_-24x24.jpg 24w, https:\/\/deeva.website\/wp-content\/uploads\/2025\/04\/61IkO6qTiLL._AC_UF350350_QL80_-48x48.jpg 48w, https:\/\/deeva.website\/wp-content\/uploads\/2025\/04\/61IkO6qTiLL._AC_UF350350_QL80_-96x96.jpg 96w, https:\/\/deeva.website\/wp-content\/uploads\/2025\/04\/61IkO6qTiLL._AC_UF350350_QL80_.jpg 350w\" sizes=\"(max-width: 300px) 100vw, 300px\" \/> <img decoding=\"async\" class=\"alignnone size-medium wp-image-4606\" src=\"http:\/\/deeva.website\/wp-content\/uploads\/2025\/04\/Capture8-261x300.png\" alt=\"\" width=\"261\" height=\"300\" srcset=\"https:\/\/deeva.website\/wp-content\/uploads\/2025\/04\/Capture8-261x300.png 261w, https:\/\/deeva.website\/wp-content\/uploads\/2025\/04\/Capture8.png 377w\" sizes=\"(max-width: 261px) 100vw, 261px\" \/><\/p>\n","protected":false},"featured_media":4602,"comment_status":"open","ping_status":"closed","template":"","meta":[],"product_cat":[71],"product_tag":[],"_links":{"self":[{"href":"https:\/\/deeva.website\/fr-tn\/wp-json\/wp\/v2\/product\/4599"}],"collection":[{"href":"https:\/\/deeva.website\/fr-tn\/wp-json\/wp\/v2\/product"}],"about":[{"href":"https:\/\/deeva.website\/fr-tn\/wp-json\/wp\/v2\/types\/product"}],"replies":[{"embeddable":true,"href":"https:\/\/deeva.website\/fr-tn\/wp-json\/wp\/v2\/comments?post=4599"}],"version-history":[{"count":1,"href":"https:\/\/deeva.website\/fr-tn\/wp-json\/wp\/v2\/product\/4599\/revisions"}],"predecessor-version":[{"id":4608,"href":"https:\/\/deeva.website\/fr-tn\/wp-json\/wp\/v2\/product\/4599\/revisions\/4608"}],"wp:featuredmedia":[{"embeddable":true,"href":"https:\/\/deeva.website\/fr-tn\/wp-json\/wp\/v2\/media\/4602"}],"wp:attachment":[{"href":"https:\/\/deeva.website\/fr-tn\/wp-json\/wp\/v2\/media?parent=4599"}],"wp:term":[{"taxonomy":"product_cat","embeddable":true,"href":"https:\/\/deeva.website\/fr-tn\/wp-json\/wp\/v2\/product_cat?post=4599"},{"taxonomy":"product_tag","embeddable":true,"href":"https:\/\/deeva.website\/fr-tn\/wp-json\/wp\/v2\/product_tag?post=4599"}],"curies":[{"name":"wp","href":"https:\/\/api.w.org\/{rel}","templated":true}]}}