{"id":4589,"date":"2025-04-20T00:33:47","date_gmt":"2025-04-19T22:33:47","guid":{"rendered":"https:\/\/deeva.website\/?post_type=product&#038;p=4589"},"modified":"2025-04-20T00:33:47","modified_gmt":"2025-04-19T22:33:47","slug":"pepe-jeans-bright-for-her","status":"publish","type":"product","link":"https:\/\/deeva.website\/fr-tn\/produit\/pepe-jeans-bright-for-her\/","title":{"rendered":"Pepe Jeans Bright For Her"},"content":{"rendered":"<p><strong>Bright For Her 80ml<\/strong> de <em>Pepe Jeans London<\/em> est un eau de parfum Chypr\u00e9 Floral pour femme. Les notes de t\u00eate sont Mandarine, Gingembre et Poire; les notes de c\u0153ur sont Pivoine, Jasmin et Peau; les notes de fond sont Patchouli, Musc et Bois de santal.<\/p>\n<p><img fetchpriority=\"high\" decoding=\"async\" class=\"alignnone size-medium wp-image-4592\" src=\"http:\/\/deeva.website\/wp-content\/uploads\/2025\/04\/Capture7-251x300.png\" alt=\"\" width=\"251\" height=\"300\" srcset=\"https:\/\/deeva.website\/wp-content\/uploads\/2025\/04\/Capture7-251x300.png 251w, https:\/\/deeva.website\/wp-content\/uploads\/2025\/04\/Capture7.png 393w\" sizes=\"(max-width: 251px) 100vw, 251px\" \/> <img decoding=\"async\" class=\"alignnone size-full wp-image-4594\" src=\"http:\/\/deeva.website\/wp-content\/uploads\/2025\/04\/images-46.jpg\" alt=\"\" width=\"225\" height=\"225\" srcset=\"https:\/\/deeva.website\/wp-content\/uploads\/2025\/04\/images-46.jpg 225w, https:\/\/deeva.website\/wp-content\/uploads\/2025\/04\/images-46-150x150.jpg 150w, https:\/\/deeva.website\/wp-content\/uploads\/2025\/04\/images-46-100x100.jpg 100w, https:\/\/deeva.website\/wp-content\/uploads\/2025\/04\/images-46-24x24.jpg 24w, https:\/\/deeva.website\/wp-content\/uploads\/2025\/04\/images-46-48x48.jpg 48w, https:\/\/deeva.website\/wp-content\/uploads\/2025\/04\/images-46-96x96.jpg 96w\" sizes=\"(max-width: 225px) 100vw, 225px\" \/><\/p>\n","protected":false},"excerpt":{"rendered":"<p><strong>Bright For Her 80ml<\/strong> de <em>Pepe Jeans London<\/em> est un eau de parfum Chypr\u00e9 Floral pour femme. Les notes de t\u00eate sont Mandarine, Gingembre et Poire; les notes de c\u0153ur sont Pivoine, Jasmin et Peau; les notes de fond sont Patchouli, Musc et Bois de santal.<\/p>\n<p><img fetchpriority=\"high\" decoding=\"async\" class=\"alignnone size-medium wp-image-4592\" src=\"http:\/\/deeva.website\/wp-content\/uploads\/2025\/04\/Capture7-251x300.png\" alt=\"\" width=\"251\" height=\"300\" srcset=\"https:\/\/deeva.website\/wp-content\/uploads\/2025\/04\/Capture7-251x300.png 251w, https:\/\/deeva.website\/wp-content\/uploads\/2025\/04\/Capture7.png 393w\" sizes=\"(max-width: 251px) 100vw, 251px\" \/> <img decoding=\"async\" class=\"alignnone size-full wp-image-4594\" src=\"http:\/\/deeva.website\/wp-content\/uploads\/2025\/04\/images-46.jpg\" alt=\"\" width=\"225\" height=\"225\" srcset=\"https:\/\/deeva.website\/wp-content\/uploads\/2025\/04\/images-46.jpg 225w, https:\/\/deeva.website\/wp-content\/uploads\/2025\/04\/images-46-150x150.jpg 150w, https:\/\/deeva.website\/wp-content\/uploads\/2025\/04\/images-46-100x100.jpg 100w, https:\/\/deeva.website\/wp-content\/uploads\/2025\/04\/images-46-24x24.jpg 24w, https:\/\/deeva.website\/wp-content\/uploads\/2025\/04\/images-46-48x48.jpg 48w, https:\/\/deeva.website\/wp-content\/uploads\/2025\/04\/images-46-96x96.jpg 96w\" sizes=\"(max-width: 225px) 100vw, 225px\" \/><\/p>\n","protected":false},"featured_media":4590,"comment_status":"open","ping_status":"closed","template":"","meta":[],"product_cat":[81],"product_tag":[],"_links":{"self":[{"href":"https:\/\/deeva.website\/fr-tn\/wp-json\/wp\/v2\/product\/4589"}],"collection":[{"href":"https:\/\/deeva.website\/fr-tn\/wp-json\/wp\/v2\/product"}],"about":[{"href":"https:\/\/deeva.website\/fr-tn\/wp-json\/wp\/v2\/types\/product"}],"replies":[{"embeddable":true,"href":"https:\/\/deeva.website\/fr-tn\/wp-json\/wp\/v2\/comments?post=4589"}],"version-history":[{"count":1,"href":"https:\/\/deeva.website\/fr-tn\/wp-json\/wp\/v2\/product\/4589\/revisions"}],"predecessor-version":[{"id":4598,"href":"https:\/\/deeva.website\/fr-tn\/wp-json\/wp\/v2\/product\/4589\/revisions\/4598"}],"wp:featuredmedia":[{"embeddable":true,"href":"https:\/\/deeva.website\/fr-tn\/wp-json\/wp\/v2\/media\/4590"}],"wp:attachment":[{"href":"https:\/\/deeva.website\/fr-tn\/wp-json\/wp\/v2\/media?parent=4589"}],"wp:term":[{"taxonomy":"product_cat","embeddable":true,"href":"https:\/\/deeva.website\/fr-tn\/wp-json\/wp\/v2\/product_cat?post=4589"},{"taxonomy":"product_tag","embeddable":true,"href":"https:\/\/deeva.website\/fr-tn\/wp-json\/wp\/v2\/product_tag?post=4589"}],"curies":[{"name":"wp","href":"https:\/\/api.w.org\/{rel}","templated":true}]}}