{"id":4575,"date":"2025-04-20T00:23:47","date_gmt":"2025-04-19T22:23:47","guid":{"rendered":"https:\/\/deeva.website\/?post_type=product&#038;p=4575"},"modified":"2025-04-20T00:23:47","modified_gmt":"2025-04-19T22:23:47","slug":"pepe-jeans-for-her-cocktail","status":"publish","type":"product","link":"https:\/\/deeva.website\/fr-tn\/produit\/pepe-jeans-for-her-cocktail\/","title":{"rendered":"Pepe Jeans For Her Cocktail"},"content":{"rendered":"<p><strong>Pepe Jeans For Her Cocktail 80ml<\/strong>\u00a0de <em>Pepe Jeans London<\/em> est un eau de toilette pour femme. Les notes de t\u00eate sont Ananas, Myrtille et Past\u00e8que; les notes de c\u0153ur sont Fleur de tiar\u00e9, Fleur de citronnier et Jasmin; les notes de fond sont Cheveux d&#8217;ange, Cr\u00e8me fouett\u00e9e, Soie, Musc, Ambre et Bois de santal.<\/p>\n<p><img fetchpriority=\"high\" decoding=\"async\" class=\"alignnone size-medium wp-image-4584\" src=\"http:\/\/deeva.website\/wp-content\/uploads\/2025\/04\/Capture6-287x300.png\" alt=\"\" width=\"287\" height=\"300\" srcset=\"https:\/\/deeva.website\/wp-content\/uploads\/2025\/04\/Capture6-287x300.png 287w, https:\/\/deeva.website\/wp-content\/uploads\/2025\/04\/Capture6-24x24.png 24w, https:\/\/deeva.website\/wp-content\/uploads\/2025\/04\/Capture6.png 350w\" sizes=\"(max-width: 287px) 100vw, 287px\" \/> <img decoding=\"async\" class=\"alignnone size-medium wp-image-4586\" src=\"http:\/\/deeva.website\/wp-content\/uploads\/2025\/04\/images-43.jpg\" alt=\"\" width=\"224\" height=\"224\" srcset=\"https:\/\/deeva.website\/wp-content\/uploads\/2025\/04\/images-43.jpg 224w, https:\/\/deeva.website\/wp-content\/uploads\/2025\/04\/images-43-150x150.jpg 150w, https:\/\/deeva.website\/wp-content\/uploads\/2025\/04\/images-43-100x100.jpg 100w, https:\/\/deeva.website\/wp-content\/uploads\/2025\/04\/images-43-24x24.jpg 24w, https:\/\/deeva.website\/wp-content\/uploads\/2025\/04\/images-43-48x48.jpg 48w, https:\/\/deeva.website\/wp-content\/uploads\/2025\/04\/images-43-96x96.jpg 96w\" sizes=\"(max-width: 224px) 100vw, 224px\" \/><\/p>\n","protected":false},"excerpt":{"rendered":"<p><strong>Pepe Jeans For Her Cocktail 80ml<\/strong>\u00a0de <em>Pepe Jeans London<\/em> est un eau de toilette pour femme. Les notes de t\u00eate sont Ananas, Myrtille et Past\u00e8que; les notes de c\u0153ur sont Fleur de tiar\u00e9, Fleur de citronnier et Jasmin; les notes de fond sont Cheveux d&#8217;ange, Cr\u00e8me fouett\u00e9e, Soie, Musc, Ambre et Bois de santal.<\/p>\n<p><img fetchpriority=\"high\" decoding=\"async\" class=\"alignnone size-medium wp-image-4584\" src=\"http:\/\/deeva.website\/wp-content\/uploads\/2025\/04\/Capture6-287x300.png\" alt=\"\" width=\"287\" height=\"300\" srcset=\"https:\/\/deeva.website\/wp-content\/uploads\/2025\/04\/Capture6-287x300.png 287w, https:\/\/deeva.website\/wp-content\/uploads\/2025\/04\/Capture6-24x24.png 24w, https:\/\/deeva.website\/wp-content\/uploads\/2025\/04\/Capture6.png 350w\" sizes=\"(max-width: 287px) 100vw, 287px\" \/> <img decoding=\"async\" class=\"alignnone size-medium wp-image-4586\" src=\"http:\/\/deeva.website\/wp-content\/uploads\/2025\/04\/images-43.jpg\" alt=\"\" width=\"224\" height=\"224\" srcset=\"https:\/\/deeva.website\/wp-content\/uploads\/2025\/04\/images-43.jpg 224w, https:\/\/deeva.website\/wp-content\/uploads\/2025\/04\/images-43-150x150.jpg 150w, https:\/\/deeva.website\/wp-content\/uploads\/2025\/04\/images-43-100x100.jpg 100w, https:\/\/deeva.website\/wp-content\/uploads\/2025\/04\/images-43-24x24.jpg 24w, https:\/\/deeva.website\/wp-content\/uploads\/2025\/04\/images-43-48x48.jpg 48w, https:\/\/deeva.website\/wp-content\/uploads\/2025\/04\/images-43-96x96.jpg 96w\" sizes=\"(max-width: 224px) 100vw, 224px\" \/><\/p>\n","protected":false},"featured_media":4576,"comment_status":"open","ping_status":"closed","template":"","meta":[],"product_cat":[86],"product_tag":[],"_links":{"self":[{"href":"https:\/\/deeva.website\/fr-tn\/wp-json\/wp\/v2\/product\/4575"}],"collection":[{"href":"https:\/\/deeva.website\/fr-tn\/wp-json\/wp\/v2\/product"}],"about":[{"href":"https:\/\/deeva.website\/fr-tn\/wp-json\/wp\/v2\/types\/product"}],"replies":[{"embeddable":true,"href":"https:\/\/deeva.website\/fr-tn\/wp-json\/wp\/v2\/comments?post=4575"}],"version-history":[{"count":1,"href":"https:\/\/deeva.website\/fr-tn\/wp-json\/wp\/v2\/product\/4575\/revisions"}],"predecessor-version":[{"id":4588,"href":"https:\/\/deeva.website\/fr-tn\/wp-json\/wp\/v2\/product\/4575\/revisions\/4588"}],"wp:featuredmedia":[{"embeddable":true,"href":"https:\/\/deeva.website\/fr-tn\/wp-json\/wp\/v2\/media\/4576"}],"wp:attachment":[{"href":"https:\/\/deeva.website\/fr-tn\/wp-json\/wp\/v2\/media?parent=4575"}],"wp:term":[{"taxonomy":"product_cat","embeddable":true,"href":"https:\/\/deeva.website\/fr-tn\/wp-json\/wp\/v2\/product_cat?post=4575"},{"taxonomy":"product_tag","embeddable":true,"href":"https:\/\/deeva.website\/fr-tn\/wp-json\/wp\/v2\/product_tag?post=4575"}],"curies":[{"name":"wp","href":"https:\/\/api.w.org\/{rel}","templated":true}]}}