{"id":4499,"date":"2025-04-19T21:57:03","date_gmt":"2025-04-19T19:57:03","guid":{"rendered":"https:\/\/deeva.website\/?post_type=product&#038;p=4499"},"modified":"2025-04-19T21:57:03","modified_gmt":"2025-04-19T19:57:03","slug":"pepe-jeans-celebrate-for-him","status":"publish","type":"product","link":"https:\/\/deeva.website\/fr-tn\/produit\/pepe-jeans-celebrate-for-him\/","title":{"rendered":"Pepe Jeans Celebrate for Him"},"content":{"rendered":"<p><strong>Pepe Jeans Celebrate for Him 100ml<\/strong> de <em>Pepe Jeans London<\/em> est un eau parfum Aromatique \u00c9pic\u00e9 pour homme. Les notes de t\u00eate sont Cassis et Citron vert; les notes de c\u0153ur sont Cacao, F\u00e8ve de tonka, Cannelle, Sauge sclar\u00e9e et Gen\u00e9vrier; les notes de fond sont Amberwood, Patchouli et Bouleau.<\/p>\n<p><img fetchpriority=\"high\" decoding=\"async\" class=\"alignnone size-medium wp-image-4502\" src=\"http:\/\/deeva.website\/wp-content\/uploads\/2025\/04\/81oq-7I5vzL._SL1500_-300x300.jpg\" alt=\"\" width=\"300\" height=\"300\" srcset=\"https:\/\/deeva.website\/wp-content\/uploads\/2025\/04\/81oq-7I5vzL._SL1500_-300x300.jpg 300w, https:\/\/deeva.website\/wp-content\/uploads\/2025\/04\/81oq-7I5vzL._SL1500_-1024x1024.jpg 1024w, https:\/\/deeva.website\/wp-content\/uploads\/2025\/04\/81oq-7I5vzL._SL1500_-150x150.jpg 150w, https:\/\/deeva.website\/wp-content\/uploads\/2025\/04\/81oq-7I5vzL._SL1500_-768x768.jpg 768w, https:\/\/deeva.website\/wp-content\/uploads\/2025\/04\/81oq-7I5vzL._SL1500_-400x400.jpg 400w, https:\/\/deeva.website\/wp-content\/uploads\/2025\/04\/81oq-7I5vzL._SL1500_-600x600.jpg 600w, https:\/\/deeva.website\/wp-content\/uploads\/2025\/04\/81oq-7I5vzL._SL1500_-100x100.jpg 100w, https:\/\/deeva.website\/wp-content\/uploads\/2025\/04\/81oq-7I5vzL._SL1500_-24x24.jpg 24w, https:\/\/deeva.website\/wp-content\/uploads\/2025\/04\/81oq-7I5vzL._SL1500_-48x48.jpg 48w, https:\/\/deeva.website\/wp-content\/uploads\/2025\/04\/81oq-7I5vzL._SL1500_-96x96.jpg 96w, https:\/\/deeva.website\/wp-content\/uploads\/2025\/04\/81oq-7I5vzL._SL1500_.jpg 1500w\" sizes=\"(max-width: 300px) 100vw, 300px\" \/> <img decoding=\"async\" class=\"alignnone size-medium wp-image-4496\" src=\"http:\/\/deeva.website\/wp-content\/uploads\/2025\/04\/Capture4-221x300.png\" alt=\"\" width=\"221\" height=\"300\" srcset=\"https:\/\/deeva.website\/wp-content\/uploads\/2025\/04\/Capture4-221x300.png 221w, https:\/\/deeva.website\/wp-content\/uploads\/2025\/04\/Capture4.png 339w\" sizes=\"(max-width: 221px) 100vw, 221px\" \/><\/p>\n","protected":false},"excerpt":{"rendered":"<p><strong>Pepe Jeans Celebrate for Him 100ml<\/strong> de <em>Pepe Jeans London<\/em> est un eau parfum Aromatique \u00c9pic\u00e9 pour homme. Les notes de t\u00eate sont Cassis et Citron vert; les notes de c\u0153ur sont Cacao, F\u00e8ve de tonka, Cannelle, Sauge sclar\u00e9e et Gen\u00e9vrier; les notes de fond sont Amberwood, Patchouli et Bouleau.<\/p>\n<p><img fetchpriority=\"high\" decoding=\"async\" class=\"alignnone size-medium wp-image-4502\" src=\"http:\/\/deeva.website\/wp-content\/uploads\/2025\/04\/81oq-7I5vzL._SL1500_-300x300.jpg\" alt=\"\" width=\"300\" height=\"300\" srcset=\"https:\/\/deeva.website\/wp-content\/uploads\/2025\/04\/81oq-7I5vzL._SL1500_-300x300.jpg 300w, https:\/\/deeva.website\/wp-content\/uploads\/2025\/04\/81oq-7I5vzL._SL1500_-1024x1024.jpg 1024w, https:\/\/deeva.website\/wp-content\/uploads\/2025\/04\/81oq-7I5vzL._SL1500_-150x150.jpg 150w, https:\/\/deeva.website\/wp-content\/uploads\/2025\/04\/81oq-7I5vzL._SL1500_-768x768.jpg 768w, https:\/\/deeva.website\/wp-content\/uploads\/2025\/04\/81oq-7I5vzL._SL1500_-400x400.jpg 400w, https:\/\/deeva.website\/wp-content\/uploads\/2025\/04\/81oq-7I5vzL._SL1500_-600x600.jpg 600w, https:\/\/deeva.website\/wp-content\/uploads\/2025\/04\/81oq-7I5vzL._SL1500_-100x100.jpg 100w, https:\/\/deeva.website\/wp-content\/uploads\/2025\/04\/81oq-7I5vzL._SL1500_-24x24.jpg 24w, https:\/\/deeva.website\/wp-content\/uploads\/2025\/04\/81oq-7I5vzL._SL1500_-48x48.jpg 48w, https:\/\/deeva.website\/wp-content\/uploads\/2025\/04\/81oq-7I5vzL._SL1500_-96x96.jpg 96w, https:\/\/deeva.website\/wp-content\/uploads\/2025\/04\/81oq-7I5vzL._SL1500_.jpg 1500w\" sizes=\"(max-width: 300px) 100vw, 300px\" \/> <img decoding=\"async\" class=\"alignnone size-medium wp-image-4496\" src=\"http:\/\/deeva.website\/wp-content\/uploads\/2025\/04\/Capture4-221x300.png\" alt=\"\" width=\"221\" height=\"300\" srcset=\"https:\/\/deeva.website\/wp-content\/uploads\/2025\/04\/Capture4-221x300.png 221w, https:\/\/deeva.website\/wp-content\/uploads\/2025\/04\/Capture4.png 339w\" sizes=\"(max-width: 221px) 100vw, 221px\" \/><\/p>\n","protected":false},"featured_media":4504,"comment_status":"open","ping_status":"closed","template":"","meta":[],"product_cat":[71],"product_tag":[],"_links":{"self":[{"href":"https:\/\/deeva.website\/fr-tn\/wp-json\/wp\/v2\/product\/4499"}],"collection":[{"href":"https:\/\/deeva.website\/fr-tn\/wp-json\/wp\/v2\/product"}],"about":[{"href":"https:\/\/deeva.website\/fr-tn\/wp-json\/wp\/v2\/types\/product"}],"replies":[{"embeddable":true,"href":"https:\/\/deeva.website\/fr-tn\/wp-json\/wp\/v2\/comments?post=4499"}],"version-history":[{"count":1,"href":"https:\/\/deeva.website\/fr-tn\/wp-json\/wp\/v2\/product\/4499\/revisions"}],"predecessor-version":[{"id":4508,"href":"https:\/\/deeva.website\/fr-tn\/wp-json\/wp\/v2\/product\/4499\/revisions\/4508"}],"wp:featuredmedia":[{"embeddable":true,"href":"https:\/\/deeva.website\/fr-tn\/wp-json\/wp\/v2\/media\/4504"}],"wp:attachment":[{"href":"https:\/\/deeva.website\/fr-tn\/wp-json\/wp\/v2\/media?parent=4499"}],"wp:term":[{"taxonomy":"product_cat","embeddable":true,"href":"https:\/\/deeva.website\/fr-tn\/wp-json\/wp\/v2\/product_cat?post=4499"},{"taxonomy":"product_tag","embeddable":true,"href":"https:\/\/deeva.website\/fr-tn\/wp-json\/wp\/v2\/product_tag?post=4499"}],"curies":[{"name":"wp","href":"https:\/\/api.w.org\/{rel}","templated":true}]}}