{"id":4487,"date":"2025-04-19T21:49:01","date_gmt":"2025-04-19T19:49:01","guid":{"rendered":"https:\/\/deeva.website\/?post_type=product&#038;p=4487"},"modified":"2025-04-19T21:49:01","modified_gmt":"2025-04-19T19:49:01","slug":"pepe-jeans-celebrate-for-her","status":"publish","type":"product","link":"https:\/\/deeva.website\/fr-tn\/produit\/pepe-jeans-celebrate-for-her\/","title":{"rendered":"Pepe Jeans Celebrate for Her"},"content":{"rendered":"<p><strong>Pepe Jeans Celebrate<\/strong> <strong>for Her 80ml<\/strong> de <em>Pepe Jeans London<\/em> est un eau de parfum Orientale Vanill\u00e9 pour femme. Les notes de t\u00eate sont Pop-corn, Ch\u00e2taigne et Poivre blanc; les notes de c\u0153ur sont Caviar, Notes aquatiques et Immortelle; les notes de fond sont Vanille, F\u00e8ve de tonka, Ambre et Bois de cachemire.<\/p>\n<p><img fetchpriority=\"high\" decoding=\"async\" class=\"alignnone size-full wp-image-4490\" src=\"http:\/\/deeva.website\/wp-content\/uploads\/2025\/04\/images-36.jpg\" alt=\"\" width=\"225\" height=\"225\" srcset=\"https:\/\/deeva.website\/wp-content\/uploads\/2025\/04\/images-36.jpg 225w, https:\/\/deeva.website\/wp-content\/uploads\/2025\/04\/images-36-150x150.jpg 150w, https:\/\/deeva.website\/wp-content\/uploads\/2025\/04\/images-36-100x100.jpg 100w, https:\/\/deeva.website\/wp-content\/uploads\/2025\/04\/images-36-24x24.jpg 24w, https:\/\/deeva.website\/wp-content\/uploads\/2025\/04\/images-36-48x48.jpg 48w, https:\/\/deeva.website\/wp-content\/uploads\/2025\/04\/images-36-96x96.jpg 96w\" sizes=\"(max-width: 225px) 100vw, 225px\" \/><\/p>\n","protected":false},"excerpt":{"rendered":"<p><strong>Pepe Jeans Celebrate<\/strong> <strong>for Her 80ml<\/strong> de <em>Pepe Jeans London<\/em> est un eau de parfum Orientale Vanill\u00e9 pour femme. Les notes de t\u00eate sont Pop-corn, Ch\u00e2taigne et Poivre blanc; les notes de c\u0153ur sont Caviar, Notes aquatiques et Immortelle; les notes de fond sont Vanille, F\u00e8ve de tonka, Ambre et Bois de cachemire.<\/p>\n<p><img fetchpriority=\"high\" decoding=\"async\" class=\"alignnone size-full wp-image-4490\" src=\"http:\/\/deeva.website\/wp-content\/uploads\/2025\/04\/images-36.jpg\" alt=\"\" width=\"225\" height=\"225\" srcset=\"https:\/\/deeva.website\/wp-content\/uploads\/2025\/04\/images-36.jpg 225w, https:\/\/deeva.website\/wp-content\/uploads\/2025\/04\/images-36-150x150.jpg 150w, https:\/\/deeva.website\/wp-content\/uploads\/2025\/04\/images-36-100x100.jpg 100w, https:\/\/deeva.website\/wp-content\/uploads\/2025\/04\/images-36-24x24.jpg 24w, https:\/\/deeva.website\/wp-content\/uploads\/2025\/04\/images-36-48x48.jpg 48w, https:\/\/deeva.website\/wp-content\/uploads\/2025\/04\/images-36-96x96.jpg 96w\" sizes=\"(max-width: 225px) 100vw, 225px\" \/><\/p>\n","protected":false},"featured_media":4488,"comment_status":"open","ping_status":"closed","template":"","meta":[],"product_cat":[81],"product_tag":[],"_links":{"self":[{"href":"https:\/\/deeva.website\/fr-tn\/wp-json\/wp\/v2\/product\/4487"}],"collection":[{"href":"https:\/\/deeva.website\/fr-tn\/wp-json\/wp\/v2\/product"}],"about":[{"href":"https:\/\/deeva.website\/fr-tn\/wp-json\/wp\/v2\/types\/product"}],"replies":[{"embeddable":true,"href":"https:\/\/deeva.website\/fr-tn\/wp-json\/wp\/v2\/comments?post=4487"}],"version-history":[{"count":1,"href":"https:\/\/deeva.website\/fr-tn\/wp-json\/wp\/v2\/product\/4487\/revisions"}],"predecessor-version":[{"id":4498,"href":"https:\/\/deeva.website\/fr-tn\/wp-json\/wp\/v2\/product\/4487\/revisions\/4498"}],"wp:featuredmedia":[{"embeddable":true,"href":"https:\/\/deeva.website\/fr-tn\/wp-json\/wp\/v2\/media\/4488"}],"wp:attachment":[{"href":"https:\/\/deeva.website\/fr-tn\/wp-json\/wp\/v2\/media?parent=4487"}],"wp:term":[{"taxonomy":"product_cat","embeddable":true,"href":"https:\/\/deeva.website\/fr-tn\/wp-json\/wp\/v2\/product_cat?post=4487"},{"taxonomy":"product_tag","embeddable":true,"href":"https:\/\/deeva.website\/fr-tn\/wp-json\/wp\/v2\/product_tag?post=4487"}],"curies":[{"name":"wp","href":"https:\/\/api.w.org\/{rel}","templated":true}]}}