{"id":4477,"date":"2025-04-19T21:40:28","date_gmt":"2025-04-19T19:40:28","guid":{"rendered":"https:\/\/deeva.website\/?post_type=product&#038;p=4477"},"modified":"2025-04-19T21:40:28","modified_gmt":"2025-04-19T19:40:28","slug":"pepe-jeans-for-him","status":"publish","type":"product","link":"https:\/\/deeva.website\/fr-tn\/produit\/pepe-jeans-for-him\/","title":{"rendered":"Pepe Jeans for Him"},"content":{"rendered":"<p><strong>Pepe Jeans for Him 100ml<\/strong> de <em>Pepe Jeans London<\/em> est un eau de toilette Aromatique Fruit\u00e9 pour homme. Les notes de t\u00eate sont Ananas, Mandarine et Bergamote; les notes de coeur sont Lavande et Noix de muscade; les notes de fond sont Vanille, Grains de caf\u00e9 torr\u00e9fi\u00e9s et Amberwood.<\/p>\n<p><img fetchpriority=\"high\" decoding=\"async\" class=\"alignnone wp-image-4484 size-full\" src=\"http:\/\/deeva.website\/wp-content\/uploads\/2025\/04\/images-33.jpg\" alt=\"\" width=\"225\" height=\"225\" srcset=\"https:\/\/deeva.website\/wp-content\/uploads\/2025\/04\/images-33.jpg 225w, https:\/\/deeva.website\/wp-content\/uploads\/2025\/04\/images-33-150x150.jpg 150w, https:\/\/deeva.website\/wp-content\/uploads\/2025\/04\/images-33-100x100.jpg 100w, https:\/\/deeva.website\/wp-content\/uploads\/2025\/04\/images-33-24x24.jpg 24w, https:\/\/deeva.website\/wp-content\/uploads\/2025\/04\/images-33-48x48.jpg 48w, https:\/\/deeva.website\/wp-content\/uploads\/2025\/04\/images-33-96x96.jpg 96w\" sizes=\"(max-width: 225px) 100vw, 225px\" \/> <img decoding=\"async\" class=\"alignnone size-medium wp-image-4480\" src=\"http:\/\/deeva.website\/wp-content\/uploads\/2025\/04\/Capture3-225x300.png\" alt=\"\" width=\"225\" height=\"300\" srcset=\"https:\/\/deeva.website\/wp-content\/uploads\/2025\/04\/Capture3-225x300.png 225w, https:\/\/deeva.website\/wp-content\/uploads\/2025\/04\/Capture3.png 357w\" sizes=\"(max-width: 225px) 100vw, 225px\" \/><\/p>\n","protected":false},"excerpt":{"rendered":"<p><strong>Pepe Jeans for Him<\/strong> de <em>Pepe Jeans London<\/em> est un eau de toilette Aromatique Fruit\u00e9 pour homme. Les notes de t\u00eate sont Ananas, Mandarine et Bergamote; les notes de coeur sont Lavande et Noix de muscade; les notes de fond sont Vanille, Grains de caf\u00e9 torr\u00e9fi\u00e9s et Amberwood.<\/p>\n<p><img fetchpriority=\"high\" decoding=\"async\" class=\"alignnone wp-image-4484 size-full\" src=\"http:\/\/deeva.website\/wp-content\/uploads\/2025\/04\/images-33.jpg\" alt=\"\" width=\"225\" height=\"225\" srcset=\"https:\/\/deeva.website\/wp-content\/uploads\/2025\/04\/images-33.jpg 225w, https:\/\/deeva.website\/wp-content\/uploads\/2025\/04\/images-33-150x150.jpg 150w, https:\/\/deeva.website\/wp-content\/uploads\/2025\/04\/images-33-100x100.jpg 100w, https:\/\/deeva.website\/wp-content\/uploads\/2025\/04\/images-33-24x24.jpg 24w, https:\/\/deeva.website\/wp-content\/uploads\/2025\/04\/images-33-48x48.jpg 48w, https:\/\/deeva.website\/wp-content\/uploads\/2025\/04\/images-33-96x96.jpg 96w\" sizes=\"(max-width: 225px) 100vw, 225px\" \/> <img decoding=\"async\" class=\"alignnone size-medium wp-image-4480\" src=\"http:\/\/deeva.website\/wp-content\/uploads\/2025\/04\/Capture3-225x300.png\" alt=\"\" width=\"225\" height=\"300\" srcset=\"https:\/\/deeva.website\/wp-content\/uploads\/2025\/04\/Capture3-225x300.png 225w, https:\/\/deeva.website\/wp-content\/uploads\/2025\/04\/Capture3.png 357w\" sizes=\"(max-width: 225px) 100vw, 225px\" \/><\/p>\n","protected":false},"featured_media":4478,"comment_status":"open","ping_status":"closed","template":"","meta":[],"product_cat":[87],"product_tag":[],"_links":{"self":[{"href":"https:\/\/deeva.website\/fr-tn\/wp-json\/wp\/v2\/product\/4477"}],"collection":[{"href":"https:\/\/deeva.website\/fr-tn\/wp-json\/wp\/v2\/product"}],"about":[{"href":"https:\/\/deeva.website\/fr-tn\/wp-json\/wp\/v2\/types\/product"}],"replies":[{"embeddable":true,"href":"https:\/\/deeva.website\/fr-tn\/wp-json\/wp\/v2\/comments?post=4477"}],"version-history":[{"count":1,"href":"https:\/\/deeva.website\/fr-tn\/wp-json\/wp\/v2\/product\/4477\/revisions"}],"predecessor-version":[{"id":4486,"href":"https:\/\/deeva.website\/fr-tn\/wp-json\/wp\/v2\/product\/4477\/revisions\/4486"}],"wp:featuredmedia":[{"embeddable":true,"href":"https:\/\/deeva.website\/fr-tn\/wp-json\/wp\/v2\/media\/4478"}],"wp:attachment":[{"href":"https:\/\/deeva.website\/fr-tn\/wp-json\/wp\/v2\/media?parent=4477"}],"wp:term":[{"taxonomy":"product_cat","embeddable":true,"href":"https:\/\/deeva.website\/fr-tn\/wp-json\/wp\/v2\/product_cat?post=4477"},{"taxonomy":"product_tag","embeddable":true,"href":"https:\/\/deeva.website\/fr-tn\/wp-json\/wp\/v2\/product_tag?post=4477"}],"curies":[{"name":"wp","href":"https:\/\/api.w.org\/{rel}","templated":true}]}}