{"id":4467,"date":"2025-04-19T21:31:23","date_gmt":"2025-04-19T19:31:23","guid":{"rendered":"https:\/\/deeva.website\/?post_type=product&#038;p=4467"},"modified":"2025-11-12T09:57:54","modified_gmt":"2025-11-12T08:57:54","slug":"pepe-jeans-for-her","status":"publish","type":"product","link":"https:\/\/deeva.website\/fr-tn\/produit\/pepe-jeans-for-her\/","title":{"rendered":"Pepe Jeans for Her"},"content":{"rendered":"<p><strong>Pepe Jeans for Her<\/strong> de <em>Pepe Jeans London<\/em> est un parfum Orientale Vanill\u00e9 pour femme. Les notes de t\u00eate sont Guimauve, Amande et Tangerine; les notes de c\u0153ur sont Vanille, Vodka et Lait d&#8217;amande; les notes de fond sont Ambre et Musc.<\/p>\n<p><img fetchpriority=\"high\" decoding=\"async\" class=\"alignnone size-medium wp-image-4474\" src=\"http:\/\/deeva.website\/wp-content\/uploads\/2025\/04\/Capture2-266x300.png\" alt=\"\" width=\"266\" height=\"300\" srcset=\"https:\/\/deeva.website\/wp-content\/uploads\/2025\/04\/Capture2-266x300.png 266w, https:\/\/deeva.website\/wp-content\/uploads\/2025\/04\/Capture2.png 396w\" sizes=\"(max-width: 266px) 100vw, 266px\" \/> <img decoding=\"async\" class=\"alignnone size-full wp-image-4472\" src=\"http:\/\/deeva.website\/wp-content\/uploads\/2025\/04\/images-32.jpg\" alt=\"\" width=\"225\" height=\"225\" srcset=\"https:\/\/deeva.website\/wp-content\/uploads\/2025\/04\/images-32.jpg 225w, https:\/\/deeva.website\/wp-content\/uploads\/2025\/04\/images-32-150x150.jpg 150w, https:\/\/deeva.website\/wp-content\/uploads\/2025\/04\/images-32-100x100.jpg 100w, https:\/\/deeva.website\/wp-content\/uploads\/2025\/04\/images-32-24x24.jpg 24w, https:\/\/deeva.website\/wp-content\/uploads\/2025\/04\/images-32-48x48.jpg 48w, https:\/\/deeva.website\/wp-content\/uploads\/2025\/04\/images-32-96x96.jpg 96w\" sizes=\"(max-width: 225px) 100vw, 225px\" \/><\/p>\n<p>&nbsp;<\/p>\n","protected":false},"excerpt":{"rendered":"<p><strong>Pepe Jeans for Her<\/strong> de <em>Pepe Jeans London<\/em> est un parfum Orientale Vanill\u00e9 pour femme. Les notes de t\u00eate sont Guimauve, Amande et Tangerine; les notes de c\u0153ur sont Vanille, Vodka et Lait d&#8217;amande; les notes de fond sont Ambre et Musc.<\/p>\n<p><img fetchpriority=\"high\" decoding=\"async\" class=\"alignnone size-medium wp-image-4474\" src=\"http:\/\/deeva.website\/wp-content\/uploads\/2025\/04\/Capture2-266x300.png\" alt=\"\" width=\"266\" height=\"300\" srcset=\"https:\/\/deeva.website\/wp-content\/uploads\/2025\/04\/Capture2-266x300.png 266w, https:\/\/deeva.website\/wp-content\/uploads\/2025\/04\/Capture2.png 396w\" sizes=\"(max-width: 266px) 100vw, 266px\" \/> <img decoding=\"async\" class=\"alignnone size-full wp-image-4472\" src=\"http:\/\/deeva.website\/wp-content\/uploads\/2025\/04\/images-32.jpg\" alt=\"\" width=\"225\" height=\"225\" srcset=\"https:\/\/deeva.website\/wp-content\/uploads\/2025\/04\/images-32.jpg 225w, https:\/\/deeva.website\/wp-content\/uploads\/2025\/04\/images-32-150x150.jpg 150w, https:\/\/deeva.website\/wp-content\/uploads\/2025\/04\/images-32-100x100.jpg 100w, https:\/\/deeva.website\/wp-content\/uploads\/2025\/04\/images-32-24x24.jpg 24w, https:\/\/deeva.website\/wp-content\/uploads\/2025\/04\/images-32-48x48.jpg 48w, https:\/\/deeva.website\/wp-content\/uploads\/2025\/04\/images-32-96x96.jpg 96w\" sizes=\"(max-width: 225px) 100vw, 225px\" \/><\/p>\n<p>&nbsp;<\/p>\n","protected":false},"featured_media":4468,"comment_status":"open","ping_status":"closed","template":"","meta":[],"product_cat":[81],"product_tag":[],"_links":{"self":[{"href":"https:\/\/deeva.website\/fr-tn\/wp-json\/wp\/v2\/product\/4467"}],"collection":[{"href":"https:\/\/deeva.website\/fr-tn\/wp-json\/wp\/v2\/product"}],"about":[{"href":"https:\/\/deeva.website\/fr-tn\/wp-json\/wp\/v2\/types\/product"}],"replies":[{"embeddable":true,"href":"https:\/\/deeva.website\/fr-tn\/wp-json\/wp\/v2\/comments?post=4467"}],"version-history":[{"count":1,"href":"https:\/\/deeva.website\/fr-tn\/wp-json\/wp\/v2\/product\/4467\/revisions"}],"predecessor-version":[{"id":4476,"href":"https:\/\/deeva.website\/fr-tn\/wp-json\/wp\/v2\/product\/4467\/revisions\/4476"}],"wp:featuredmedia":[{"embeddable":true,"href":"https:\/\/deeva.website\/fr-tn\/wp-json\/wp\/v2\/media\/4468"}],"wp:attachment":[{"href":"https:\/\/deeva.website\/fr-tn\/wp-json\/wp\/v2\/media?parent=4467"}],"wp:term":[{"taxonomy":"product_cat","embeddable":true,"href":"https:\/\/deeva.website\/fr-tn\/wp-json\/wp\/v2\/product_cat?post=4467"},{"taxonomy":"product_tag","embeddable":true,"href":"https:\/\/deeva.website\/fr-tn\/wp-json\/wp\/v2\/product_tag?post=4467"}],"curies":[{"name":"wp","href":"https:\/\/api.w.org\/{rel}","templated":true}]}}