{"id":4452,"date":"2025-04-19T21:15:29","date_gmt":"2025-04-19T19:15:29","guid":{"rendered":"https:\/\/deeva.website\/?post_type=product&#038;p=4452"},"modified":"2025-04-19T21:15:29","modified_gmt":"2025-04-19T19:15:29","slug":"coffret-womensecret-seduction-duo","status":"publish","type":"product","link":"https:\/\/deeva.website\/fr-tn\/produit\/coffret-womensecret-seduction-duo\/","title":{"rendered":"Coffret Women&#8217;Secret Seduction Duo"},"content":{"rendered":"<p>Coffret Women&#8217;Secret <strong>Seduction Duo<\/strong> (Gold Seduction 30ml + Rouge Seduction 30ml)<\/p>\n<p>Les notes de c\u0153ur sensuel sont Jasmin, P\u00eache et Fleurs blanches. Les notes de fond addictif sont Vanille, Bois de cachemire, Musc, C\u00e8dre et Patchouli.<\/p>\n<p><em><strong>Gold Seduction<\/strong><\/em> de Women&#8217;Secret est un parfum Floral Fruit\u00e9 Gourmand pour femme. Les notes de t\u00eate sont Framboise, Mandarine, Bergamote et Citron; les notes de c\u0153ur sont Jasmin, Fleurs blanches et P\u00eache; les notes de fond sont Vanille, Bois de cachemire, Patchouli, Musc et C\u00e8dre.<\/p>\n<p><img decoding=\"async\" class=\"alignnone wp-image-4459 size-thumbnail\" src=\"http:\/\/deeva.website\/wp-content\/uploads\/2025\/04\/gold-seduction-150x150.png\" alt=\"\" width=\"150\" height=\"150\" srcset=\"https:\/\/deeva.website\/wp-content\/uploads\/2025\/04\/gold-seduction-150x150.png 150w, https:\/\/deeva.website\/wp-content\/uploads\/2025\/04\/gold-seduction-300x300.png 300w, https:\/\/deeva.website\/wp-content\/uploads\/2025\/04\/gold-seduction-400x400.png 400w, https:\/\/deeva.website\/wp-content\/uploads\/2025\/04\/gold-seduction-100x100.png 100w, https:\/\/deeva.website\/wp-content\/uploads\/2025\/04\/gold-seduction-24x24.png 24w, https:\/\/deeva.website\/wp-content\/uploads\/2025\/04\/gold-seduction-48x48.png 48w, https:\/\/deeva.website\/wp-content\/uploads\/2025\/04\/gold-seduction-96x96.png 96w, https:\/\/deeva.website\/wp-content\/uploads\/2025\/04\/gold-seduction.png 458w\" sizes=\"(max-width: 150px) 100vw, 150px\" \/><\/p>\n<p><em><strong>Rouge Seduction<\/strong><\/em> de Women&#8217;Secret est un parfum pour femme. C&#8217;est un nouveau parfum. Les notes de t\u00eate sont Cassis, Poire et Bergamote; les notes de c\u0153ur sont Jasmin, Pivoine et Muguet; les notes de fond sont Vanille, Caramel, Patchouli et Musc.<\/p>\n<p><img decoding=\"async\" class=\"alignnone wp-image-4461 size-thumbnail\" src=\"http:\/\/deeva.website\/wp-content\/uploads\/2025\/04\/images-31-150x150.jpg\" alt=\"\" width=\"150\" height=\"150\" srcset=\"https:\/\/deeva.website\/wp-content\/uploads\/2025\/04\/images-31-150x150.jpg 150w, https:\/\/deeva.website\/wp-content\/uploads\/2025\/04\/images-31-100x100.jpg 100w, https:\/\/deeva.website\/wp-content\/uploads\/2025\/04\/images-31-24x24.jpg 24w, https:\/\/deeva.website\/wp-content\/uploads\/2025\/04\/images-31-48x48.jpg 48w, https:\/\/deeva.website\/wp-content\/uploads\/2025\/04\/images-31-96x96.jpg 96w, https:\/\/deeva.website\/wp-content\/uploads\/2025\/04\/images-31.jpg 225w\" sizes=\"(max-width: 150px) 100vw, 150px\" \/><img fetchpriority=\"high\" decoding=\"async\" class=\"size-medium wp-image-4457 aligncenter\" src=\"http:\/\/deeva.website\/wp-content\/uploads\/2025\/04\/Design-sans-titre-2024-11-05-T161558-244-300x300.jpg\" alt=\"\" width=\"300\" height=\"300\" srcset=\"https:\/\/deeva.website\/wp-content\/uploads\/2025\/04\/Design-sans-titre-2024-11-05-T161558-244-300x300.jpg 300w, https:\/\/deeva.website\/wp-content\/uploads\/2025\/04\/Design-sans-titre-2024-11-05-T161558-244-150x150.jpg 150w, https:\/\/deeva.website\/wp-content\/uploads\/2025\/04\/Design-sans-titre-2024-11-05-T161558-244-400x400.jpg 400w, https:\/\/deeva.website\/wp-content\/uploads\/2025\/04\/Design-sans-titre-2024-11-05-T161558-244-600x600.jpg 600w, https:\/\/deeva.website\/wp-content\/uploads\/2025\/04\/Design-sans-titre-2024-11-05-T161558-244-100x100.jpg 100w, https:\/\/deeva.website\/wp-content\/uploads\/2025\/04\/Design-sans-titre-2024-11-05-T161558-244-24x24.jpg 24w, https:\/\/deeva.website\/wp-content\/uploads\/2025\/04\/Design-sans-titre-2024-11-05-T161558-244-48x48.jpg 48w, https:\/\/deeva.website\/wp-content\/uploads\/2025\/04\/Design-sans-titre-2024-11-05-T161558-244-96x96.jpg 96w, https:\/\/deeva.website\/wp-content\/uploads\/2025\/04\/Design-sans-titre-2024-11-05-T161558-244.jpg 640w\" sizes=\"(max-width: 300px) 100vw, 300px\" \/><\/p>\n","protected":false},"excerpt":{"rendered":"<p>Coffret Women&#8217;Secret <strong>Seduction Duo<\/strong> (Gold Seduction 30ml + Rouge Seduction 30ml)<\/p>\n<p>Les notes de c\u0153ur sensuel sont Jasmin, P\u00eache et Fleurs blanches. Les notes de fond addictif sont Vanille, Bois de cachemire, Musc, C\u00e8dre et Patchouli.<\/p>\n<p><em><strong>Gold Seduction<\/strong><\/em> de Women&#8217;Secret est un parfum Floral Fruit\u00e9 Gourmand pour femme. Les notes de t\u00eate sont Framboise, Mandarine, Bergamote et Citron; les notes de c\u0153ur sont Jasmin, Fleurs blanches et P\u00eache; les notes de fond sont Vanille, Bois de cachemire, Patchouli, Musc et C\u00e8dre.<\/p>\n<p><img decoding=\"async\" class=\"alignnone wp-image-4459 size-thumbnail\" src=\"http:\/\/deeva.website\/wp-content\/uploads\/2025\/04\/gold-seduction-150x150.png\" alt=\"\" width=\"150\" height=\"150\" srcset=\"https:\/\/deeva.website\/wp-content\/uploads\/2025\/04\/gold-seduction-150x150.png 150w, https:\/\/deeva.website\/wp-content\/uploads\/2025\/04\/gold-seduction-300x300.png 300w, https:\/\/deeva.website\/wp-content\/uploads\/2025\/04\/gold-seduction-400x400.png 400w, https:\/\/deeva.website\/wp-content\/uploads\/2025\/04\/gold-seduction-100x100.png 100w, https:\/\/deeva.website\/wp-content\/uploads\/2025\/04\/gold-seduction-24x24.png 24w, https:\/\/deeva.website\/wp-content\/uploads\/2025\/04\/gold-seduction-48x48.png 48w, https:\/\/deeva.website\/wp-content\/uploads\/2025\/04\/gold-seduction-96x96.png 96w, https:\/\/deeva.website\/wp-content\/uploads\/2025\/04\/gold-seduction.png 458w\" sizes=\"(max-width: 150px) 100vw, 150px\" \/><\/p>\n<p><em><strong>Rouge Seduction<\/strong><\/em> de Women&#8217;Secret est un parfum pour femme. C&#8217;est un nouveau parfum. Les notes de t\u00eate sont Cassis, Poire et Bergamote; les notes de c\u0153ur sont Jasmin, Pivoine et Muguet; les notes de fond sont Vanille, Caramel, Patchouli et Musc.<\/p>\n<p><img decoding=\"async\" class=\"alignnone wp-image-4461 size-thumbnail\" src=\"http:\/\/deeva.website\/wp-content\/uploads\/2025\/04\/images-31-150x150.jpg\" alt=\"\" width=\"150\" height=\"150\" srcset=\"https:\/\/deeva.website\/wp-content\/uploads\/2025\/04\/images-31-150x150.jpg 150w, https:\/\/deeva.website\/wp-content\/uploads\/2025\/04\/images-31-100x100.jpg 100w, https:\/\/deeva.website\/wp-content\/uploads\/2025\/04\/images-31-24x24.jpg 24w, https:\/\/deeva.website\/wp-content\/uploads\/2025\/04\/images-31-48x48.jpg 48w, https:\/\/deeva.website\/wp-content\/uploads\/2025\/04\/images-31-96x96.jpg 96w, https:\/\/deeva.website\/wp-content\/uploads\/2025\/04\/images-31.jpg 225w\" sizes=\"(max-width: 150px) 100vw, 150px\" \/><img fetchpriority=\"high\" decoding=\"async\" class=\"size-medium wp-image-4457 aligncenter\" src=\"http:\/\/deeva.website\/wp-content\/uploads\/2025\/04\/Design-sans-titre-2024-11-05-T161558-244-300x300.jpg\" alt=\"\" width=\"300\" height=\"300\" srcset=\"https:\/\/deeva.website\/wp-content\/uploads\/2025\/04\/Design-sans-titre-2024-11-05-T161558-244-300x300.jpg 300w, https:\/\/deeva.website\/wp-content\/uploads\/2025\/04\/Design-sans-titre-2024-11-05-T161558-244-150x150.jpg 150w, https:\/\/deeva.website\/wp-content\/uploads\/2025\/04\/Design-sans-titre-2024-11-05-T161558-244-400x400.jpg 400w, https:\/\/deeva.website\/wp-content\/uploads\/2025\/04\/Design-sans-titre-2024-11-05-T161558-244-600x600.jpg 600w, https:\/\/deeva.website\/wp-content\/uploads\/2025\/04\/Design-sans-titre-2024-11-05-T161558-244-100x100.jpg 100w, https:\/\/deeva.website\/wp-content\/uploads\/2025\/04\/Design-sans-titre-2024-11-05-T161558-244-24x24.jpg 24w, https:\/\/deeva.website\/wp-content\/uploads\/2025\/04\/Design-sans-titre-2024-11-05-T161558-244-48x48.jpg 48w, https:\/\/deeva.website\/wp-content\/uploads\/2025\/04\/Design-sans-titre-2024-11-05-T161558-244-96x96.jpg 96w, https:\/\/deeva.website\/wp-content\/uploads\/2025\/04\/Design-sans-titre-2024-11-05-T161558-244.jpg 640w\" sizes=\"(max-width: 300px) 100vw, 300px\" \/><\/p>\n","protected":false},"featured_media":4457,"comment_status":"open","ping_status":"closed","template":"","meta":[],"product_cat":[47,81],"product_tag":[],"_links":{"self":[{"href":"https:\/\/deeva.website\/fr-tn\/wp-json\/wp\/v2\/product\/4452"}],"collection":[{"href":"https:\/\/deeva.website\/fr-tn\/wp-json\/wp\/v2\/product"}],"about":[{"href":"https:\/\/deeva.website\/fr-tn\/wp-json\/wp\/v2\/types\/product"}],"replies":[{"embeddable":true,"href":"https:\/\/deeva.website\/fr-tn\/wp-json\/wp\/v2\/comments?post=4452"}],"version-history":[{"count":1,"href":"https:\/\/deeva.website\/fr-tn\/wp-json\/wp\/v2\/product\/4452\/revisions"}],"predecessor-version":[{"id":4463,"href":"https:\/\/deeva.website\/fr-tn\/wp-json\/wp\/v2\/product\/4452\/revisions\/4463"}],"wp:featuredmedia":[{"embeddable":true,"href":"https:\/\/deeva.website\/fr-tn\/wp-json\/wp\/v2\/media\/4457"}],"wp:attachment":[{"href":"https:\/\/deeva.website\/fr-tn\/wp-json\/wp\/v2\/media?parent=4452"}],"wp:term":[{"taxonomy":"product_cat","embeddable":true,"href":"https:\/\/deeva.website\/fr-tn\/wp-json\/wp\/v2\/product_cat?post=4452"},{"taxonomy":"product_tag","embeddable":true,"href":"https:\/\/deeva.website\/fr-tn\/wp-json\/wp\/v2\/product_tag?post=4452"}],"curies":[{"name":"wp","href":"https:\/\/api.w.org\/{rel}","templated":true}]}}