{"id":4444,"date":"2025-04-19T20:58:36","date_gmt":"2025-04-19T18:58:36","guid":{"rendered":"https:\/\/deeva.website\/?post_type=product&#038;p=4444"},"modified":"2025-04-19T20:58:36","modified_gmt":"2025-04-19T18:58:36","slug":"coffret-womensecret-eau-my-delice","status":"publish","type":"product","link":"https:\/\/deeva.website\/fr-tn\/produit\/coffret-womensecret-eau-my-delice\/","title":{"rendered":"Coffret Women&#8217;Secret  Eau My Delice"},"content":{"rendered":"<p>Coffret Women&#8217;Secret\u00a0 <strong>Eau My Delice<\/strong> (eau toilette 100ml + Body lotion 200ml)<\/p>\n<p>Un parfum qui interpr\u00e8te la fra\u00eecheur de la vie \u00e0 travers un \u00e9lixir de fruit.<\/p>\n<p>Les notes de t\u00eate sont Pamplemousse, Grenade, Notes vertes et Poivre; les notes de c\u0153ur sont Orchid\u00e9e, Poire, Lotus, Pivoine, Gingembre et N\u00e9roli; les notes de fond sont Musc, Bois de santal, F\u00e8ve de tonka, C\u00e8dre de Virginie et Cypr\u00e8s.<\/p>\n<p><img fetchpriority=\"high\" decoding=\"async\" class=\"alignnone size-medium wp-image-4272\" src=\"http:\/\/deeva.website\/wp-content\/uploads\/2025\/04\/61cAMcLQq1L._AC_UF350350_QL80_-300x300.jpg\" alt=\"\" width=\"300\" height=\"300\" srcset=\"https:\/\/deeva.website\/wp-content\/uploads\/2025\/04\/61cAMcLQq1L._AC_UF350350_QL80_-300x300.jpg 300w, https:\/\/deeva.website\/wp-content\/uploads\/2025\/04\/61cAMcLQq1L._AC_UF350350_QL80_-100x100.jpg 100w, https:\/\/deeva.website\/wp-content\/uploads\/2025\/04\/61cAMcLQq1L._AC_UF350350_QL80_-150x150.jpg 150w, https:\/\/deeva.website\/wp-content\/uploads\/2025\/04\/61cAMcLQq1L._AC_UF350350_QL80_-24x24.jpg 24w, https:\/\/deeva.website\/wp-content\/uploads\/2025\/04\/61cAMcLQq1L._AC_UF350350_QL80_-48x48.jpg 48w, https:\/\/deeva.website\/wp-content\/uploads\/2025\/04\/61cAMcLQq1L._AC_UF350350_QL80_-96x96.jpg 96w, https:\/\/deeva.website\/wp-content\/uploads\/2025\/04\/61cAMcLQq1L._AC_UF350350_QL80_.jpg 350w\" sizes=\"(max-width: 300px) 100vw, 300px\" \/><\/p>\n","protected":false},"excerpt":{"rendered":"<p>Coffret Women&#8217;Secret\u00a0 <strong>Eau My Delice<\/strong> (eau toilette 100ml + Body lotion 200ml)<\/p>\n<p>Un parfum qui interpr\u00e8te la fra\u00eecheur de la vie \u00e0 travers un \u00e9lixir de fruit.<\/p>\n<p>Les notes de t\u00eate sont Pamplemousse, Grenade, Notes vertes et Poivre; les notes de c\u0153ur sont Orchid\u00e9e, Poire, Lotus, Pivoine, Gingembre et N\u00e9roli; les notes de fond sont Musc, Bois de santal, F\u00e8ve de tonka, C\u00e8dre de Virginie et Cypr\u00e8s.<\/p>\n<p><img fetchpriority=\"high\" decoding=\"async\" class=\"alignnone size-medium wp-image-4272\" src=\"http:\/\/deeva.website\/wp-content\/uploads\/2025\/04\/61cAMcLQq1L._AC_UF350350_QL80_-300x300.jpg\" alt=\"\" width=\"300\" height=\"300\" srcset=\"https:\/\/deeva.website\/wp-content\/uploads\/2025\/04\/61cAMcLQq1L._AC_UF350350_QL80_-300x300.jpg 300w, https:\/\/deeva.website\/wp-content\/uploads\/2025\/04\/61cAMcLQq1L._AC_UF350350_QL80_-100x100.jpg 100w, https:\/\/deeva.website\/wp-content\/uploads\/2025\/04\/61cAMcLQq1L._AC_UF350350_QL80_-150x150.jpg 150w, https:\/\/deeva.website\/wp-content\/uploads\/2025\/04\/61cAMcLQq1L._AC_UF350350_QL80_-24x24.jpg 24w, https:\/\/deeva.website\/wp-content\/uploads\/2025\/04\/61cAMcLQq1L._AC_UF350350_QL80_-48x48.jpg 48w, https:\/\/deeva.website\/wp-content\/uploads\/2025\/04\/61cAMcLQq1L._AC_UF350350_QL80_-96x96.jpg 96w, https:\/\/deeva.website\/wp-content\/uploads\/2025\/04\/61cAMcLQq1L._AC_UF350350_QL80_.jpg 350w\" sizes=\"(max-width: 300px) 100vw, 300px\" \/><\/p>\n","protected":false},"featured_media":4445,"comment_status":"open","ping_status":"closed","template":"","meta":[],"product_cat":[47,86],"product_tag":[],"_links":{"self":[{"href":"https:\/\/deeva.website\/fr-tn\/wp-json\/wp\/v2\/product\/4444"}],"collection":[{"href":"https:\/\/deeva.website\/fr-tn\/wp-json\/wp\/v2\/product"}],"about":[{"href":"https:\/\/deeva.website\/fr-tn\/wp-json\/wp\/v2\/types\/product"}],"replies":[{"embeddable":true,"href":"https:\/\/deeva.website\/fr-tn\/wp-json\/wp\/v2\/comments?post=4444"}],"version-history":[{"count":1,"href":"https:\/\/deeva.website\/fr-tn\/wp-json\/wp\/v2\/product\/4444\/revisions"}],"predecessor-version":[{"id":4451,"href":"https:\/\/deeva.website\/fr-tn\/wp-json\/wp\/v2\/product\/4444\/revisions\/4451"}],"wp:featuredmedia":[{"embeddable":true,"href":"https:\/\/deeva.website\/fr-tn\/wp-json\/wp\/v2\/media\/4445"}],"wp:attachment":[{"href":"https:\/\/deeva.website\/fr-tn\/wp-json\/wp\/v2\/media?parent=4444"}],"wp:term":[{"taxonomy":"product_cat","embeddable":true,"href":"https:\/\/deeva.website\/fr-tn\/wp-json\/wp\/v2\/product_cat?post=4444"},{"taxonomy":"product_tag","embeddable":true,"href":"https:\/\/deeva.website\/fr-tn\/wp-json\/wp\/v2\/product_tag?post=4444"}],"curies":[{"name":"wp","href":"https:\/\/api.w.org\/{rel}","templated":true}]}}