{"id":4434,"date":"2025-04-19T20:48:50","date_gmt":"2025-04-19T18:48:50","guid":{"rendered":"https:\/\/deeva.website\/?post_type=product&#038;p=4434"},"modified":"2025-04-19T21:16:49","modified_gmt":"2025-04-19T19:16:49","slug":"coffret-womensecret-eau-my-secret","status":"publish","type":"product","link":"https:\/\/deeva.website\/fr-tn\/produit\/coffret-womensecret-eau-my-secret\/","title":{"rendered":"Coffret Women&#8217;Secret eau my secret"},"content":{"rendered":"<p>Coffret Women&#8217;Secret <strong>eau my secret<\/strong> (eau toilette 100ml + Body lotion 200ml)<\/p>\n<p><strong>EAU MY SECRET<\/strong> est un lot qui comprend un parfum rafra\u00eechissant pour femme bas\u00e9 sur des notes d\u00e9licates et lumineuses. Les notes de t\u00eate sont Mandarine d&#8217;Italie, Citron et Poire; les notes de c\u0153ur sont Amande, Rose, Jasmin et Fleur d&#8217;oranger; les notes de fond sont Pralin\u00e9, Musc et Vanille.<\/p>\n<p><img fetchpriority=\"high\" decoding=\"async\" class=\"alignnone size-medium wp-image-4441\" src=\"http:\/\/deeva.website\/wp-content\/uploads\/2025\/04\/619nclfjrDL._AC_UF350350_QL80_-300x279.jpg\" alt=\"\" width=\"300\" height=\"279\" srcset=\"https:\/\/deeva.website\/wp-content\/uploads\/2025\/04\/619nclfjrDL._AC_UF350350_QL80_-300x279.jpg 300w, https:\/\/deeva.website\/wp-content\/uploads\/2025\/04\/619nclfjrDL._AC_UF350350_QL80_.jpg 350w\" sizes=\"(max-width: 300px) 100vw, 300px\" \/><\/p>\n","protected":false},"excerpt":{"rendered":"<p><strong>EAU MY SECRET<\/strong> est un lot qui comprend un parfum rafra\u00eechissant pour femme bas\u00e9 sur des notes d\u00e9licates et lumineuses. Les notes de t\u00eate sont Mandarine d&#8217;Italie, Citron et Poire; les notes de c\u0153ur sont Amande, Rose, Jasmin et Fleur d&#8217;oranger; les notes de fond sont Pralin\u00e9, Musc et Vanille.<\/p>\n<p><img fetchpriority=\"high\" decoding=\"async\" class=\"alignnone size-medium wp-image-4441\" src=\"http:\/\/deeva.website\/wp-content\/uploads\/2025\/04\/619nclfjrDL._AC_UF350350_QL80_-300x279.jpg\" alt=\"\" width=\"300\" height=\"279\" srcset=\"https:\/\/deeva.website\/wp-content\/uploads\/2025\/04\/619nclfjrDL._AC_UF350350_QL80_-300x279.jpg 300w, https:\/\/deeva.website\/wp-content\/uploads\/2025\/04\/619nclfjrDL._AC_UF350350_QL80_.jpg 350w\" sizes=\"(max-width: 300px) 100vw, 300px\" \/><\/p>\n","protected":false},"featured_media":4439,"comment_status":"open","ping_status":"closed","template":"","meta":[],"product_cat":[47,86],"product_tag":[],"_links":{"self":[{"href":"https:\/\/deeva.website\/fr-tn\/wp-json\/wp\/v2\/product\/4434"}],"collection":[{"href":"https:\/\/deeva.website\/fr-tn\/wp-json\/wp\/v2\/product"}],"about":[{"href":"https:\/\/deeva.website\/fr-tn\/wp-json\/wp\/v2\/types\/product"}],"replies":[{"embeddable":true,"href":"https:\/\/deeva.website\/fr-tn\/wp-json\/wp\/v2\/comments?post=4434"}],"version-history":[{"count":1,"href":"https:\/\/deeva.website\/fr-tn\/wp-json\/wp\/v2\/product\/4434\/revisions"}],"predecessor-version":[{"id":4443,"href":"https:\/\/deeva.website\/fr-tn\/wp-json\/wp\/v2\/product\/4434\/revisions\/4443"}],"wp:featuredmedia":[{"embeddable":true,"href":"https:\/\/deeva.website\/fr-tn\/wp-json\/wp\/v2\/media\/4439"}],"wp:attachment":[{"href":"https:\/\/deeva.website\/fr-tn\/wp-json\/wp\/v2\/media?parent=4434"}],"wp:term":[{"taxonomy":"product_cat","embeddable":true,"href":"https:\/\/deeva.website\/fr-tn\/wp-json\/wp\/v2\/product_cat?post=4434"},{"taxonomy":"product_tag","embeddable":true,"href":"https:\/\/deeva.website\/fr-tn\/wp-json\/wp\/v2\/product_tag?post=4434"}],"curies":[{"name":"wp","href":"https:\/\/api.w.org\/{rel}","templated":true}]}}