{"id":4370,"date":"2025-04-14T19:24:05","date_gmt":"2025-04-14T17:24:05","guid":{"rendered":"https:\/\/deeva.website\/?post_type=product&#038;p=4370"},"modified":"2025-04-14T19:24:05","modified_gmt":"2025-04-14T17:24:05","slug":"coffret-womensecret-rouge-seduction","status":"publish","type":"product","link":"https:\/\/deeva.website\/fr-tn\/produit\/coffret-womensecret-rouge-seduction\/","title":{"rendered":"Coffret Women&#8217;Secret rouge seduction"},"content":{"rendered":"<p>Coffret Women&#8217;Secret rouge seduction (eau de parfum 100ml + Body lotion 200ml)<\/p>\n","protected":false},"excerpt":{"rendered":"<p>Comprend un parfum pour femme de 100ml et une lotion pour le corps de 200ml. Les articles de ce coffret ont une fragrance qui surprend avec des notes de t\u00eate fra\u00eeches et sucr\u00e9es de poire sensuelle, qui s&#8217;associent au c\u0153ur f\u00e9minin de pivoine, de jasmin et de caramel.<\/p>\n<p><strong>Les notes de t\u00eate<\/strong> sont Cassis, Poire et Bergamote.<\/p>\n<p><strong>Les notes de c\u0153ur<\/strong> sont Jasmin, Pivoine et Muguet.<\/p>\n<p><strong>Les notes de fond <\/strong>sont Vanille, Caramel, Patchouli et Musc.<\/p>\n<p><img fetchpriority=\"high\" decoding=\"async\" class=\"alignnone size-full wp-image-4371\" src=\"http:\/\/deeva.website\/wp-content\/uploads\/2025\/04\/images-18.jpg\" alt=\"\" width=\"224\" height=\"224\" srcset=\"https:\/\/deeva.website\/wp-content\/uploads\/2025\/04\/images-18.jpg 224w, https:\/\/deeva.website\/wp-content\/uploads\/2025\/04\/images-18-150x150.jpg 150w, https:\/\/deeva.website\/wp-content\/uploads\/2025\/04\/images-18-100x100.jpg 100w, https:\/\/deeva.website\/wp-content\/uploads\/2025\/04\/images-18-24x24.jpg 24w, https:\/\/deeva.website\/wp-content\/uploads\/2025\/04\/images-18-48x48.jpg 48w, https:\/\/deeva.website\/wp-content\/uploads\/2025\/04\/images-18-96x96.jpg 96w\" sizes=\"(max-width: 224px) 100vw, 224px\" \/><\/p>\n","protected":false},"featured_media":4373,"comment_status":"open","ping_status":"closed","template":"","meta":[],"product_cat":[47,81],"product_tag":[],"_links":{"self":[{"href":"https:\/\/deeva.website\/fr-tn\/wp-json\/wp\/v2\/product\/4370"}],"collection":[{"href":"https:\/\/deeva.website\/fr-tn\/wp-json\/wp\/v2\/product"}],"about":[{"href":"https:\/\/deeva.website\/fr-tn\/wp-json\/wp\/v2\/types\/product"}],"replies":[{"embeddable":true,"href":"https:\/\/deeva.website\/fr-tn\/wp-json\/wp\/v2\/comments?post=4370"}],"version-history":[{"count":2,"href":"https:\/\/deeva.website\/fr-tn\/wp-json\/wp\/v2\/product\/4370\/revisions"}],"predecessor-version":[{"id":4395,"href":"https:\/\/deeva.website\/fr-tn\/wp-json\/wp\/v2\/product\/4370\/revisions\/4395"}],"wp:featuredmedia":[{"embeddable":true,"href":"https:\/\/deeva.website\/fr-tn\/wp-json\/wp\/v2\/media\/4373"}],"wp:attachment":[{"href":"https:\/\/deeva.website\/fr-tn\/wp-json\/wp\/v2\/media?parent=4370"}],"wp:term":[{"taxonomy":"product_cat","embeddable":true,"href":"https:\/\/deeva.website\/fr-tn\/wp-json\/wp\/v2\/product_cat?post=4370"},{"taxonomy":"product_tag","embeddable":true,"href":"https:\/\/deeva.website\/fr-tn\/wp-json\/wp\/v2\/product_tag?post=4370"}],"curies":[{"name":"wp","href":"https:\/\/api.w.org\/{rel}","templated":true}]}}