{"id":4330,"date":"2025-04-14T17:00:19","date_gmt":"2025-04-14T15:00:19","guid":{"rendered":"https:\/\/deeva.website\/?post_type=product&#038;p=4330"},"modified":"2025-04-14T17:00:20","modified_gmt":"2025-04-14T15:00:20","slug":"womensecret-intimate-delight","status":"publish","type":"product","link":"https:\/\/deeva.website\/fr-tn\/produit\/womensecret-intimate-delight\/","title":{"rendered":"women&#8217;secret  INTIMATE DELIGHT"},"content":{"rendered":"<p>Women&#8217;Secret <strong>INTIMATE DELIGHT<\/strong> Eau de parfum 100ML<\/p>\n","protected":false},"excerpt":{"rendered":"<p>Le parfum\u00a0<b>Intimate Delight<\/b>\u00a0se d\u00e9ploie avec l&#8217;essence pulpeuse des framboises, d\u00e9licatement accentu\u00e9e par un soup\u00e7on de poivre rose. Il s&#8217;entrelace gracieusement avec les senteurs douces et solaires de la fleur d&#8217;oranger et de la pivoine, cr\u00e9ant un bouquet captivant.<\/p>\n<p><img fetchpriority=\"high\" decoding=\"async\" class=\"alignnone size-full wp-image-4333\" src=\"http:\/\/deeva.website\/wp-content\/uploads\/2025\/04\/images-15.jpg\" alt=\"\" width=\"225\" height=\"225\" srcset=\"https:\/\/deeva.website\/wp-content\/uploads\/2025\/04\/images-15.jpg 225w, https:\/\/deeva.website\/wp-content\/uploads\/2025\/04\/images-15-150x150.jpg 150w, https:\/\/deeva.website\/wp-content\/uploads\/2025\/04\/images-15-100x100.jpg 100w, https:\/\/deeva.website\/wp-content\/uploads\/2025\/04\/images-15-24x24.jpg 24w, https:\/\/deeva.website\/wp-content\/uploads\/2025\/04\/images-15-48x48.jpg 48w, https:\/\/deeva.website\/wp-content\/uploads\/2025\/04\/images-15-96x96.jpg 96w\" sizes=\"(max-width: 225px) 100vw, 225px\" \/><\/p>\n","protected":false},"featured_media":4337,"comment_status":"open","ping_status":"closed","template":"","meta":[],"product_cat":[81],"product_tag":[],"_links":{"self":[{"href":"https:\/\/deeva.website\/fr-tn\/wp-json\/wp\/v2\/product\/4330"}],"collection":[{"href":"https:\/\/deeva.website\/fr-tn\/wp-json\/wp\/v2\/product"}],"about":[{"href":"https:\/\/deeva.website\/fr-tn\/wp-json\/wp\/v2\/types\/product"}],"replies":[{"embeddable":true,"href":"https:\/\/deeva.website\/fr-tn\/wp-json\/wp\/v2\/comments?post=4330"}],"version-history":[{"count":1,"href":"https:\/\/deeva.website\/fr-tn\/wp-json\/wp\/v2\/product\/4330\/revisions"}],"predecessor-version":[{"id":4339,"href":"https:\/\/deeva.website\/fr-tn\/wp-json\/wp\/v2\/product\/4330\/revisions\/4339"}],"wp:featuredmedia":[{"embeddable":true,"href":"https:\/\/deeva.website\/fr-tn\/wp-json\/wp\/v2\/media\/4337"}],"wp:attachment":[{"href":"https:\/\/deeva.website\/fr-tn\/wp-json\/wp\/v2\/media?parent=4330"}],"wp:term":[{"taxonomy":"product_cat","embeddable":true,"href":"https:\/\/deeva.website\/fr-tn\/wp-json\/wp\/v2\/product_cat?post=4330"},{"taxonomy":"product_tag","embeddable":true,"href":"https:\/\/deeva.website\/fr-tn\/wp-json\/wp\/v2\/product_tag?post=4330"}],"curies":[{"name":"wp","href":"https:\/\/api.w.org\/{rel}","templated":true}]}}