{"id":4320,"date":"2025-04-14T16:50:45","date_gmt":"2025-04-14T14:50:45","guid":{"rendered":"https:\/\/deeva.website\/?post_type=product&#038;p=4320"},"modified":"2025-04-14T16:50:46","modified_gmt":"2025-04-14T14:50:46","slug":"womensecret-intimate-daydream","status":"publish","type":"product","link":"https:\/\/deeva.website\/fr-tn\/produit\/womensecret-intimate-daydream\/","title":{"rendered":"Women&#8217;Secret  INTIMATE DAYDREAM"},"content":{"rendered":"<p>Women&#8217;Secret INTIMATE DAYDREAM Eau de Parfum 100ml<\/p>\n","protected":false},"excerpt":{"rendered":"<p>Les notes de t\u00eate p\u00e9tillante sont Mandarine, M\u00fbre, Tangerine et Petit-grain. Les notes de c\u0153ur sensuel sont Jasmin, Fleur d&#8217;oranger et Fleur de prunier. Les notes de fond addictive sont F\u00e8ve de tonka, Musc, C\u00e8dre et Chocolat noir.<\/p>\n<p><img fetchpriority=\"high\" decoding=\"async\" class=\"alignnone wp-image-4325 size-full\" src=\"http:\/\/deeva.website\/wp-content\/uploads\/2025\/04\/images-12.jpg\" alt=\"\" width=\"192\" height=\"263\" \/><\/p>\n","protected":false},"featured_media":4321,"comment_status":"open","ping_status":"closed","template":"","meta":[],"product_cat":[81],"product_tag":[],"_links":{"self":[{"href":"https:\/\/deeva.website\/fr-tn\/wp-json\/wp\/v2\/product\/4320"}],"collection":[{"href":"https:\/\/deeva.website\/fr-tn\/wp-json\/wp\/v2\/product"}],"about":[{"href":"https:\/\/deeva.website\/fr-tn\/wp-json\/wp\/v2\/types\/product"}],"replies":[{"embeddable":true,"href":"https:\/\/deeva.website\/fr-tn\/wp-json\/wp\/v2\/comments?post=4320"}],"version-history":[{"count":1,"href":"https:\/\/deeva.website\/fr-tn\/wp-json\/wp\/v2\/product\/4320\/revisions"}],"predecessor-version":[{"id":4329,"href":"https:\/\/deeva.website\/fr-tn\/wp-json\/wp\/v2\/product\/4320\/revisions\/4329"}],"wp:featuredmedia":[{"embeddable":true,"href":"https:\/\/deeva.website\/fr-tn\/wp-json\/wp\/v2\/media\/4321"}],"wp:attachment":[{"href":"https:\/\/deeva.website\/fr-tn\/wp-json\/wp\/v2\/media?parent=4320"}],"wp:term":[{"taxonomy":"product_cat","embeddable":true,"href":"https:\/\/deeva.website\/fr-tn\/wp-json\/wp\/v2\/product_cat?post=4320"},{"taxonomy":"product_tag","embeddable":true,"href":"https:\/\/deeva.website\/fr-tn\/wp-json\/wp\/v2\/product_tag?post=4320"}],"curies":[{"name":"wp","href":"https:\/\/api.w.org\/{rel}","templated":true}]}}