{"id":4277,"date":"2025-04-12T21:49:58","date_gmt":"2025-04-12T19:49:58","guid":{"rendered":"https:\/\/deeva.website\/?post_type=product&#038;p=4277"},"modified":"2025-04-12T21:49:59","modified_gmt":"2025-04-12T19:49:59","slug":"womensecret-its-fresh","status":"publish","type":"product","link":"https:\/\/deeva.website\/fr-tn\/produit\/womensecret-its-fresh\/","title":{"rendered":"Women&#8217;Secret IT&#8217;S FRESH"},"content":{"rendered":"<p>women&#8217;secret IT&#8217;S FRESH Eau de Toilette 100 ml<\/p>\n","protected":false},"excerpt":{"rendered":"<p>Eau It&#8217;s Fresh eau de toilette\u00a0de\u00a0women&#8217;secret\u00a0souffle une f\u00eate qui redonne l&#8217;\u00e9nergie \u00e0 l&#8217;univers. Les notes de t\u00eate vivifiante sont sont Citron, Bergamote, Orange douce, Notes vertes et Gingembre. Les notes de c\u0153ur tendre sont Jasmin, Fleur d&#8217;oranger, Rose, Freesia, Pomme et Fruits rouges.<\/p>\n","protected":false},"featured_media":4278,"comment_status":"open","ping_status":"closed","template":"","meta":[],"product_cat":[86],"product_tag":[],"_links":{"self":[{"href":"https:\/\/deeva.website\/fr-tn\/wp-json\/wp\/v2\/product\/4277"}],"collection":[{"href":"https:\/\/deeva.website\/fr-tn\/wp-json\/wp\/v2\/product"}],"about":[{"href":"https:\/\/deeva.website\/fr-tn\/wp-json\/wp\/v2\/types\/product"}],"replies":[{"embeddable":true,"href":"https:\/\/deeva.website\/fr-tn\/wp-json\/wp\/v2\/comments?post=4277"}],"version-history":[{"count":1,"href":"https:\/\/deeva.website\/fr-tn\/wp-json\/wp\/v2\/product\/4277\/revisions"}],"predecessor-version":[{"id":4284,"href":"https:\/\/deeva.website\/fr-tn\/wp-json\/wp\/v2\/product\/4277\/revisions\/4284"}],"wp:featuredmedia":[{"embeddable":true,"href":"https:\/\/deeva.website\/fr-tn\/wp-json\/wp\/v2\/media\/4278"}],"wp:attachment":[{"href":"https:\/\/deeva.website\/fr-tn\/wp-json\/wp\/v2\/media?parent=4277"}],"wp:term":[{"taxonomy":"product_cat","embeddable":true,"href":"https:\/\/deeva.website\/fr-tn\/wp-json\/wp\/v2\/product_cat?post=4277"},{"taxonomy":"product_tag","embeddable":true,"href":"https:\/\/deeva.website\/fr-tn\/wp-json\/wp\/v2\/product_tag?post=4277"}],"curies":[{"name":"wp","href":"https:\/\/api.w.org\/{rel}","templated":true}]}}