{"id":4269,"date":"2025-04-12T21:42:53","date_gmt":"2025-04-12T19:42:53","guid":{"rendered":"https:\/\/deeva.website\/?post_type=product&#038;p=4269"},"modified":"2025-04-12T21:42:53","modified_gmt":"2025-04-12T19:42:53","slug":"womensecret-eau-my-delice","status":"publish","type":"product","link":"https:\/\/deeva.website\/fr-tn\/produit\/womensecret-eau-my-delice\/","title":{"rendered":"women&#8217;secret  EAU MY DELICE"},"content":{"rendered":"<p>Women&#8217;Secret EAU MY DELICE Eau de Toilette 100 ml<\/p>\n","protected":false},"excerpt":{"rendered":"<p>Un parfum optimiste et f\u00e9minin avec des notes juteuses exotiques qui apporte la joie. Les notes de t\u00eate modernes de pamplemousse et de grenade, combin\u00e9es aux notes de fruits rouges et aux notes bois\u00e9es et musqu\u00e9es, font de la fragrance une combinaison parfaite: fra\u00eeche, f\u00e9minine et d\u00e9licieuse.<\/p>\n","protected":false},"featured_media":4270,"comment_status":"open","ping_status":"closed","template":"","meta":[],"product_cat":[86],"product_tag":[],"_links":{"self":[{"href":"https:\/\/deeva.website\/fr-tn\/wp-json\/wp\/v2\/product\/4269"}],"collection":[{"href":"https:\/\/deeva.website\/fr-tn\/wp-json\/wp\/v2\/product"}],"about":[{"href":"https:\/\/deeva.website\/fr-tn\/wp-json\/wp\/v2\/types\/product"}],"replies":[{"embeddable":true,"href":"https:\/\/deeva.website\/fr-tn\/wp-json\/wp\/v2\/comments?post=4269"}],"version-history":[{"count":1,"href":"https:\/\/deeva.website\/fr-tn\/wp-json\/wp\/v2\/product\/4269\/revisions"}],"predecessor-version":[{"id":4276,"href":"https:\/\/deeva.website\/fr-tn\/wp-json\/wp\/v2\/product\/4269\/revisions\/4276"}],"wp:featuredmedia":[{"embeddable":true,"href":"https:\/\/deeva.website\/fr-tn\/wp-json\/wp\/v2\/media\/4270"}],"wp:attachment":[{"href":"https:\/\/deeva.website\/fr-tn\/wp-json\/wp\/v2\/media?parent=4269"}],"wp:term":[{"taxonomy":"product_cat","embeddable":true,"href":"https:\/\/deeva.website\/fr-tn\/wp-json\/wp\/v2\/product_cat?post=4269"},{"taxonomy":"product_tag","embeddable":true,"href":"https:\/\/deeva.website\/fr-tn\/wp-json\/wp\/v2\/product_tag?post=4269"}],"curies":[{"name":"wp","href":"https:\/\/api.w.org\/{rel}","templated":true}]}}