{"id":4241,"date":"2025-04-12T20:24:15","date_gmt":"2025-04-12T18:24:15","guid":{"rendered":"https:\/\/deeva.website\/?post_type=product&#038;p=4241"},"modified":"2025-04-12T20:24:15","modified_gmt":"2025-04-12T18:24:15","slug":"womensecret-eau-my-secret-eau-de-toilette-100-ml","status":"publish","type":"product","link":"https:\/\/deeva.website\/fr-tn\/produit\/womensecret-eau-my-secret-eau-de-toilette-100-ml\/","title":{"rendered":"Women&#8217;Secret  EAU MY SECRET Eau de Toilette 100 ml"},"content":{"rendered":"<p>Une eau de toilette douce et sensuelle qui se m\u00eale au parfum sensible de la vanille attrayante et f\u00e9minine, un sillage d\u00e9crit la fra\u00eecheur d&#8217;un jardin oriental idyllique. Les notes de t\u00eate fra\u00eeche sont Mandarine d&#8217;Italie, Poire, Citron, Pamplemousse et M\u00fbre.<\/p>\n","protected":false},"excerpt":{"rendered":"<p>Une eau de toilette douce et sensuelle qui se m\u00eale au parfum sensible de la vanille attrayante et f\u00e9minine, un sillage d\u00e9crit la fra\u00eecheur d&#8217;un jardin oriental idyllique. Les notes de t\u00eate fra\u00eeche sont Mandarine d&#8217;Italie, Poire, Citron, Pamplemousse et M\u00fbre.<\/p>\n","protected":false},"featured_media":4234,"comment_status":"closed","ping_status":"closed","template":"","meta":[],"product_cat":[86],"product_tag":[],"_links":{"self":[{"href":"https:\/\/deeva.website\/fr-tn\/wp-json\/wp\/v2\/product\/4241"}],"collection":[{"href":"https:\/\/deeva.website\/fr-tn\/wp-json\/wp\/v2\/product"}],"about":[{"href":"https:\/\/deeva.website\/fr-tn\/wp-json\/wp\/v2\/types\/product"}],"replies":[{"embeddable":true,"href":"https:\/\/deeva.website\/fr-tn\/wp-json\/wp\/v2\/comments?post=4241"}],"version-history":[{"count":1,"href":"https:\/\/deeva.website\/fr-tn\/wp-json\/wp\/v2\/product\/4241\/revisions"}],"predecessor-version":[{"id":4244,"href":"https:\/\/deeva.website\/fr-tn\/wp-json\/wp\/v2\/product\/4241\/revisions\/4244"}],"wp:featuredmedia":[{"embeddable":true,"href":"https:\/\/deeva.website\/fr-tn\/wp-json\/wp\/v2\/media\/4234"}],"wp:attachment":[{"href":"https:\/\/deeva.website\/fr-tn\/wp-json\/wp\/v2\/media?parent=4241"}],"wp:term":[{"taxonomy":"product_cat","embeddable":true,"href":"https:\/\/deeva.website\/fr-tn\/wp-json\/wp\/v2\/product_cat?post=4241"},{"taxonomy":"product_tag","embeddable":true,"href":"https:\/\/deeva.website\/fr-tn\/wp-json\/wp\/v2\/product_tag?post=4241"}],"curies":[{"name":"wp","href":"https:\/\/api.w.org\/{rel}","templated":true}]}}